{"id":148,"date":"2020-02-26T13:55:28","date_gmt":"2020-02-26T13:55:28","guid":{"rendered":"https:\/\/tonderhallerne.dk\/?post_type=sport&#038;p=148"},"modified":"2023-04-19T11:15:34","modified_gmt":"2023-04-19T09:15:34","slug":"ketsjersport","status":"publish","type":"page","link":"https:\/\/tonderhallerne.dk\/nl\/sport\/ketsjersport\/","title":{"rendered":"Racketsport"},"content":{"rendered":"<p>&nbsp;<\/p>\n<p>&nbsp;<\/p>","protected":false},"excerpt":{"rendered":"<p>&nbsp; &nbsp;<\/p>","protected":false},"author":1,"featured_media":1471,"parent":75,"menu_order":0,"comment_status":"closed","ping_status":"closed","template":"","meta":{"_acf_changed":false,"footnotes":""},"class_list":["post-148","page","type-page","status-publish","has-post-thumbnail","hentry"],"acf":[],"yoast_head":"<!-- This site is optimized with the Yoast SEO plugin v25.6 - https:\/\/yoast.com\/wordpress\/plugins\/seo\/ -->\n<title>Ketsjersport - L\u00e6s om priser, \u00e5bningstider, etc. her<\/title>\n<meta name=\"description\" content=\"Tennis, bordtennis, padel, squash og badminton. Vi har mange forskellige ketsjersportsgrene at v\u00e6lge imellem. L\u00e6s n\u00e6rmere her.\" \/>\n<meta name=\"robots\" content=\"index, follow, max-snippet:-1, max-image-preview:large, max-video-preview:-1\" \/>\n<link rel=\"canonical\" href=\"https:\/\/tonderhallerne.dk\/nl\/sport\/ketsjersport\/\" \/>\n<meta property=\"og:locale\" content=\"nl_NL\" \/>\n<meta property=\"og:type\" content=\"article\" \/>\n<meta property=\"og:title\" content=\"Ketsjersport - L\u00e6s om priser, \u00e5bningstider, etc. her\" \/>\n<meta property=\"og:description\" content=\"Tennis, bordtennis, padel, squash og badminton. Vi har mange forskellige ketsjersportsgrene at v\u00e6lge imellem. L\u00e6s n\u00e6rmere her.\" \/>\n<meta property=\"og:url\" content=\"https:\/\/tonderhallerne.dk\/nl\/sport\/ketsjersport\/\" \/>\n<meta property=\"og:site_name\" content=\"T\u00f8nderhallerne\" \/>\n<meta property=\"article:publisher\" content=\"https:\/\/www.facebook.com\/tonderhallerne\/\" \/>\n<meta property=\"article:modified_time\" content=\"2023-04-19T09:15:34+00:00\" \/>\n<meta property=\"og:image\" content=\"https:\/\/tonderhallerne.dk\/filer\/TSFC_Tennis2-scaled.jpg\" \/>\n\t<meta property=\"og:image:width\" content=\"2560\" \/>\n\t<meta property=\"og:image:height\" content=\"1707\" \/>\n\t<meta property=\"og:image:type\" content=\"image\/jpeg\" \/>\n<meta name=\"twitter:card\" content=\"summary_large_image\" \/>\n<script type=\"application\/ld+json\" class=\"yoast-schema-graph\">{\"@context\":\"https:\/\/schema.org\",\"@graph\":[{\"@type\":\"WebPage\",\"@id\":\"https:\/\/tonderhallerne.dk\/sport\/ketsjersport\/\",\"url\":\"https:\/\/tonderhallerne.dk\/sport\/ketsjersport\/\",\"name\":\"Ketsjersport - L\u00e6s om priser, \u00e5bningstider, etc. her\",\"isPartOf\":{\"@id\":\"https:\/\/tonderhallerne.dk\/#website\"},\"primaryImageOfPage\":{\"@id\":\"https:\/\/tonderhallerne.dk\/sport\/ketsjersport\/#primaryimage\"},\"image\":{\"@id\":\"https:\/\/tonderhallerne.dk\/sport\/ketsjersport\/#primaryimage\"},\"thumbnailUrl\":\"https:\/\/tonderhallerne.dk\/filer\/TSFC_Tennis2-scaled.jpg\",\"datePublished\":\"2020-02-26T13:55:28+00:00\",\"dateModified\":\"2023-04-19T09:15:34+00:00\",\"description\":\"Tennis, bordtennis, padel, squash og badminton. Vi har mange forskellige ketsjersportsgrene at v\u00e6lge imellem. L\u00e6s n\u00e6rmere her.\",\"breadcrumb\":{\"@id\":\"https:\/\/tonderhallerne.dk\/sport\/ketsjersport\/#breadcrumb\"},\"inLanguage\":\"nl-NL\",\"potentialAction\":[{\"@type\":\"ReadAction\",\"target\":[\"https:\/\/tonderhallerne.dk\/sport\/ketsjersport\/\"]}]},{\"@type\":\"ImageObject\",\"inLanguage\":\"nl-NL\",\"@id\":\"https:\/\/tonderhallerne.dk\/sport\/ketsjersport\/#primaryimage\",\"url\":\"https:\/\/tonderhallerne.dk\/filer\/TSFC_Tennis2-scaled.jpg\",\"contentUrl\":\"https:\/\/tonderhallerne.dk\/filer\/TSFC_Tennis2-scaled.jpg\",\"width\":2560,\"height\":1707,\"caption\":\"Tennisbold\"},{\"@type\":\"BreadcrumbList\",\"@id\":\"https:\/\/tonderhallerne.dk\/sport\/ketsjersport\/#breadcrumb\",\"itemListElement\":[{\"@type\":\"ListItem\",\"position\":1,\"name\":\"Home\",\"item\":\"https:\/\/tonderhallerne.dk\/\"},{\"@type\":\"ListItem\",\"position\":2,\"name\":\"Sport &#038; Sundhed\",\"item\":\"https:\/\/tonderhallerne.dk\/sport\/\"},{\"@type\":\"ListItem\",\"position\":3,\"name\":\"Ketsjersport\"}]},{\"@type\":\"WebSite\",\"@id\":\"https:\/\/tonderhallerne.dk\/#website\",\"url\":\"https:\/\/tonderhallerne.dk\/\",\"name\":\"T\u00f8nderhallerne\",\"description\":\"Et sjovt, aktivt og sundt f\u00e6llesskab i T\u00f8nder\",\"publisher\":{\"@id\":\"https:\/\/tonderhallerne.dk\/#organization\"},\"potentialAction\":[{\"@type\":\"SearchAction\",\"target\":{\"@type\":\"EntryPoint\",\"urlTemplate\":\"https:\/\/tonderhallerne.dk\/?s={search_term_string}\"},\"query-input\":{\"@type\":\"PropertyValueSpecification\",\"valueRequired\":true,\"valueName\":\"search_term_string\"}}],\"inLanguage\":\"nl-NL\"},{\"@type\":\"Organization\",\"@id\":\"https:\/\/tonderhallerne.dk\/#organization\",\"name\":\"T\u00f8nderhallerne\",\"url\":\"https:\/\/tonderhallerne.dk\/\",\"logo\":{\"@type\":\"ImageObject\",\"inLanguage\":\"nl-NL\",\"@id\":\"https:\/\/tonderhallerne.dk\/#\/schema\/logo\/image\/\",\"url\":\"https:\/\/tonderhallerne.dk\/filer\/favicon.png\",\"contentUrl\":\"https:\/\/tonderhallerne.dk\/filer\/favicon.png\",\"width\":600,\"height\":600,\"caption\":\"T\u00f8nderhallerne\"},\"image\":{\"@id\":\"https:\/\/tonderhallerne.dk\/#\/schema\/logo\/image\/\"},\"sameAs\":[\"https:\/\/www.facebook.com\/tonderhallerne\/\"]}]}<\/script>\n<!-- \/ Yoast SEO plugin. -->","yoast_head_json":{"title":"Racketsporten - Lees hier over prijzen, openingstijden etc","description":"Tennis, tafeltennis, padel, squash en badminton. We hebben veel verschillende racketsporten om uit te kiezen. Lees hier meer.","robots":{"index":"index","follow":"follow","max-snippet":"max-snippet:-1","max-image-preview":"max-image-preview:large","max-video-preview":"max-video-preview:-1"},"canonical":"https:\/\/tonderhallerne.dk\/nl\/sport\/ketsjersport\/","og_locale":"nl_NL","og_type":"article","og_title":"Ketsjersport - L\u00e6s om priser, \u00e5bningstider, etc. her","og_description":"Tennis, bordtennis, padel, squash og badminton. Vi har mange forskellige ketsjersportsgrene at v\u00e6lge imellem. L\u00e6s n\u00e6rmere her.","og_url":"https:\/\/tonderhallerne.dk\/nl\/sport\/ketsjersport\/","og_site_name":"T\u00f8nderhallerne","article_publisher":"https:\/\/www.facebook.com\/tonderhallerne\/","article_modified_time":"2023-04-19T09:15:34+00:00","og_image":[{"width":2560,"height":1707,"url":"https:\/\/tonderhallerne.dk\/filer\/TSFC_Tennis2-scaled.jpg","type":"image\/jpeg"}],"twitter_card":"summary_large_image","schema":{"@context":"https:\/\/schema.org","@graph":[{"@type":"WebPage","@id":"https:\/\/tonderhallerne.dk\/sport\/ketsjersport\/","url":"https:\/\/tonderhallerne.dk\/sport\/ketsjersport\/","name":"Racketsporten - Lees hier over prijzen, openingstijden etc","isPartOf":{"@id":"https:\/\/tonderhallerne.dk\/#website"},"primaryImageOfPage":{"@id":"https:\/\/tonderhallerne.dk\/sport\/ketsjersport\/#primaryimage"},"image":{"@id":"https:\/\/tonderhallerne.dk\/sport\/ketsjersport\/#primaryimage"},"thumbnailUrl":"https:\/\/tonderhallerne.dk\/filer\/TSFC_Tennis2-scaled.jpg","datePublished":"2020-02-26T13:55:28+00:00","dateModified":"2023-04-19T09:15:34+00:00","description":"Tennis, tafeltennis, padel, squash en badminton. We hebben veel verschillende racketsporten om uit te kiezen. Lees hier meer.","breadcrumb":{"@id":"https:\/\/tonderhallerne.dk\/sport\/ketsjersport\/#breadcrumb"},"inLanguage":"nl-NL","potentialAction":[{"@type":"ReadAction","target":["https:\/\/tonderhallerne.dk\/sport\/ketsjersport\/"]}]},{"@type":"ImageObject","inLanguage":"nl-NL","@id":"https:\/\/tonderhallerne.dk\/sport\/ketsjersport\/#primaryimage","url":"https:\/\/tonderhallerne.dk\/filer\/TSFC_Tennis2-scaled.jpg","contentUrl":"https:\/\/tonderhallerne.dk\/filer\/TSFC_Tennis2-scaled.jpg","width":2560,"height":1707,"caption":"Tennisbold"},{"@type":"BreadcrumbList","@id":"https:\/\/tonderhallerne.dk\/sport\/ketsjersport\/#breadcrumb","itemListElement":[{"@type":"ListItem","position":1,"name":"Home","item":"https:\/\/tonderhallerne.dk\/"},{"@type":"ListItem","position":2,"name":"Sport &#038; Sundhed","item":"https:\/\/tonderhallerne.dk\/sport\/"},{"@type":"ListItem","position":3,"name":"Ketsjersport"}]},{"@type":"WebSite","@id":"https:\/\/tonderhallerne.dk\/#website","url":"https:\/\/tonderhallerne.dk\/","name":"T\u00f8nderhallerne","description":"Een leuke, actieve en gezonde gemeenschap in T\u00f8nder","publisher":{"@id":"https:\/\/tonderhallerne.dk\/#organization"},"potentialAction":[{"@type":"SearchAction","target":{"@type":"EntryPoint","urlTemplate":"https:\/\/tonderhallerne.dk\/?s={search_term_string}"},"query-input":{"@type":"PropertyValueSpecification","valueRequired":true,"valueName":"search_term_string"}}],"inLanguage":"nl-NL"},{"@type":"Organization","@id":"https:\/\/tonderhallerne.dk\/#organization","name":"T\u00f8nderhallerne","url":"https:\/\/tonderhallerne.dk\/","logo":{"@type":"ImageObject","inLanguage":"nl-NL","@id":"https:\/\/tonderhallerne.dk\/#\/schema\/logo\/image\/","url":"https:\/\/tonderhallerne.dk\/filer\/favicon.png","contentUrl":"https:\/\/tonderhallerne.dk\/filer\/favicon.png","width":600,"height":600,"caption":"T\u00f8nderhallerne"},"image":{"@id":"https:\/\/tonderhallerne.dk\/#\/schema\/logo\/image\/"},"sameAs":["https:\/\/www.facebook.com\/tonderhallerne\/"]}]}},"_links":{"self":[{"href":"https:\/\/tonderhallerne.dk\/nl\/wp-json\/wp\/v2\/pages\/148"}],"collection":[{"href":"https:\/\/tonderhallerne.dk\/nl\/wp-json\/wp\/v2\/pages"}],"about":[{"href":"https:\/\/tonderhallerne.dk\/nl\/wp-json\/wp\/v2\/types\/page"}],"author":[{"embeddable":true,"href":"https:\/\/tonderhallerne.dk\/nl\/wp-json\/wp\/v2\/users\/1"}],"replies":[{"embeddable":true,"href":"https:\/\/tonderhallerne.dk\/nl\/wp-json\/wp\/v2\/comments?post=148"}],"version-history":[{"count":23,"href":"https:\/\/tonderhallerne.dk\/nl\/wp-json\/wp\/v2\/pages\/148\/revisions"}],"predecessor-version":[{"id":2542,"href":"https:\/\/tonderhallerne.dk\/nl\/wp-json\/wp\/v2\/pages\/148\/revisions\/2542"}],"up":[{"embeddable":true,"href":"https:\/\/tonderhallerne.dk\/nl\/wp-json\/wp\/v2\/pages\/75"}],"wp:featuredmedia":[{"embeddable":true,"href":"https:\/\/tonderhallerne.dk\/nl\/wp-json\/wp\/v2\/media\/1471"}],"wp:attachment":[{"href":"https:\/\/tonderhallerne.dk\/nl\/wp-json\/wp\/v2\/media?parent=148"}],"curies":[{"name":"wp","href":"https:\/\/api.w.org\/{rel}","templated":true}]}}