{"id":122,"date":"2020-02-26T13:05:23","date_gmt":"2020-02-26T13:05:23","guid":{"rendered":"https:\/\/tonderhallerne.dk\/?post_type=svoemmehal&#038;p=122"},"modified":"2026-01-09T12:15:40","modified_gmt":"2026-01-09T11:15:40","slug":"babysvoemning","status":"publish","type":"page","link":"https:\/\/tonderhallerne.dk\/nl\/svoemmehal-og-spabad\/babysvoemning\/","title":{"rendered":"Babyzwemmen"},"content":{"rendered":"<p>&nbsp;<\/p>\n<p>&nbsp;<\/p>\n<p>&nbsp;<\/p>","protected":false},"excerpt":{"rendered":"<p>&nbsp; &nbsp; &nbsp;<\/p>","protected":false},"author":1,"featured_media":0,"parent":114,"menu_order":0,"comment_status":"closed","ping_status":"closed","template":"","meta":{"_acf_changed":false,"footnotes":""},"class_list":["post-122","page","type-page","status-publish","hentry"],"acf":[],"yoast_head":"<!-- This site is optimized with the Yoast SEO plugin v25.6 - https:\/\/yoast.com\/wordpress\/plugins\/seo\/ -->\n<title>Babysv\u00f8mning i sv\u00f8mmehallen - L\u00e6s om program og priser her<\/title>\n<meta name=\"description\" content=\"Introduc\u00e9r din baby til babysv\u00f8mning i vores varmtvandsbassin og dyrk n\u00e6rv\u00e6ret s\u00e5vel som trygheden i sv\u00f8mningen. L\u00e6s n\u00e6rmere her.\" \/>\n<meta name=\"robots\" content=\"index, follow, max-snippet:-1, max-image-preview:large, max-video-preview:-1\" \/>\n<link rel=\"canonical\" href=\"https:\/\/tonderhallerne.dk\/nl\/svoemmehal-og-spabad\/babysvoemning\/\" \/>\n<meta property=\"og:locale\" content=\"nl_NL\" \/>\n<meta property=\"og:type\" content=\"article\" \/>\n<meta property=\"og:title\" content=\"Babysv\u00f8mning i sv\u00f8mmehallen - L\u00e6s om program og priser her\" \/>\n<meta property=\"og:description\" content=\"Introduc\u00e9r din baby til babysv\u00f8mning i vores varmtvandsbassin og dyrk n\u00e6rv\u00e6ret s\u00e5vel som trygheden i sv\u00f8mningen. L\u00e6s n\u00e6rmere her.\" \/>\n<meta property=\"og:url\" content=\"https:\/\/tonderhallerne.dk\/nl\/svoemmehal-og-spabad\/babysvoemning\/\" \/>\n<meta property=\"og:site_name\" content=\"T\u00f8nderhallerne\" \/>\n<meta property=\"article:publisher\" content=\"https:\/\/www.facebook.com\/tonderhallerne\/\" \/>\n<meta property=\"article:modified_time\" content=\"2026-01-09T11:15:40+00:00\" \/>\n<meta name=\"twitter:card\" content=\"summary_large_image\" \/>\n<meta name=\"twitter:label1\" content=\"Geschatte leestijd\" \/>\n\t<meta name=\"twitter:data1\" content=\"3 minuten\" \/>\n<script type=\"application\/ld+json\" class=\"yoast-schema-graph\">{\"@context\":\"https:\/\/schema.org\",\"@graph\":[{\"@type\":\"WebPage\",\"@id\":\"https:\/\/tonderhallerne.dk\/svoemmehal-og-spabad\/babysvoemning\/\",\"url\":\"https:\/\/tonderhallerne.dk\/svoemmehal-og-spabad\/babysvoemning\/\",\"name\":\"Babysv\u00f8mning i sv\u00f8mmehallen - L\u00e6s om program og priser her\",\"isPartOf\":{\"@id\":\"https:\/\/tonderhallerne.dk\/#website\"},\"datePublished\":\"2020-02-26T13:05:23+00:00\",\"dateModified\":\"2026-01-09T11:15:40+00:00\",\"description\":\"Introduc\u00e9r din baby til babysv\u00f8mning i vores varmtvandsbassin og dyrk n\u00e6rv\u00e6ret s\u00e5vel som trygheden i sv\u00f8mningen. L\u00e6s n\u00e6rmere her.\",\"breadcrumb\":{\"@id\":\"https:\/\/tonderhallerne.dk\/svoemmehal-og-spabad\/babysvoemning\/#breadcrumb\"},\"inLanguage\":\"nl-NL\",\"potentialAction\":[{\"@type\":\"ReadAction\",\"target\":[\"https:\/\/tonderhallerne.dk\/svoemmehal-og-spabad\/babysvoemning\/\"]}]},{\"@type\":\"BreadcrumbList\",\"@id\":\"https:\/\/tonderhallerne.dk\/svoemmehal-og-spabad\/babysvoemning\/#breadcrumb\",\"itemListElement\":[{\"@type\":\"ListItem\",\"position\":1,\"name\":\"Home\",\"item\":\"https:\/\/tonderhallerne.dk\/\"},{\"@type\":\"ListItem\",\"position\":2,\"name\":\"Sv\u00f8mmehal &#038; Spabad\",\"item\":\"https:\/\/tonderhallerne.dk\/svoemmehal-og-spabad\/\"},{\"@type\":\"ListItem\",\"position\":3,\"name\":\"Babysv\u00f8mning\"}]},{\"@type\":\"WebSite\",\"@id\":\"https:\/\/tonderhallerne.dk\/#website\",\"url\":\"https:\/\/tonderhallerne.dk\/\",\"name\":\"T\u00f8nderhallerne\",\"description\":\"Et sjovt, aktivt og sundt f\u00e6llesskab i T\u00f8nder\",\"publisher\":{\"@id\":\"https:\/\/tonderhallerne.dk\/#organization\"},\"potentialAction\":[{\"@type\":\"SearchAction\",\"target\":{\"@type\":\"EntryPoint\",\"urlTemplate\":\"https:\/\/tonderhallerne.dk\/?s={search_term_string}\"},\"query-input\":{\"@type\":\"PropertyValueSpecification\",\"valueRequired\":true,\"valueName\":\"search_term_string\"}}],\"inLanguage\":\"nl-NL\"},{\"@type\":\"Organization\",\"@id\":\"https:\/\/tonderhallerne.dk\/#organization\",\"name\":\"T\u00f8nderhallerne\",\"url\":\"https:\/\/tonderhallerne.dk\/\",\"logo\":{\"@type\":\"ImageObject\",\"inLanguage\":\"nl-NL\",\"@id\":\"https:\/\/tonderhallerne.dk\/#\/schema\/logo\/image\/\",\"url\":\"https:\/\/tonderhallerne.dk\/filer\/favicon.png\",\"contentUrl\":\"https:\/\/tonderhallerne.dk\/filer\/favicon.png\",\"width\":600,\"height\":600,\"caption\":\"T\u00f8nderhallerne\"},\"image\":{\"@id\":\"https:\/\/tonderhallerne.dk\/#\/schema\/logo\/image\/\"},\"sameAs\":[\"https:\/\/www.facebook.com\/tonderhallerne\/\"]}]}<\/script>\n<!-- \/ Yoast SEO plugin. -->","yoast_head_json":{"title":"Babyzwemmen in het zwembad - Lees hier over het programma en de prijzen","description":"Laat uw baby kennismaken met babyzwemmen in ons warmwaterbad en cultiveer aanwezigheid en veiligheid bij het zwemmen. Lees hier meer.","robots":{"index":"index","follow":"follow","max-snippet":"max-snippet:-1","max-image-preview":"max-image-preview:large","max-video-preview":"max-video-preview:-1"},"canonical":"https:\/\/tonderhallerne.dk\/nl\/svoemmehal-og-spabad\/babysvoemning\/","og_locale":"nl_NL","og_type":"article","og_title":"Babysv\u00f8mning i sv\u00f8mmehallen - L\u00e6s om program og priser her","og_description":"Introduc\u00e9r din baby til babysv\u00f8mning i vores varmtvandsbassin og dyrk n\u00e6rv\u00e6ret s\u00e5vel som trygheden i sv\u00f8mningen. L\u00e6s n\u00e6rmere her.","og_url":"https:\/\/tonderhallerne.dk\/nl\/svoemmehal-og-spabad\/babysvoemning\/","og_site_name":"T\u00f8nderhallerne","article_publisher":"https:\/\/www.facebook.com\/tonderhallerne\/","article_modified_time":"2026-01-09T11:15:40+00:00","twitter_card":"summary_large_image","twitter_misc":{"Geschatte leestijd":"3 minuten"},"schema":{"@context":"https:\/\/schema.org","@graph":[{"@type":"WebPage","@id":"https:\/\/tonderhallerne.dk\/svoemmehal-og-spabad\/babysvoemning\/","url":"https:\/\/tonderhallerne.dk\/svoemmehal-og-spabad\/babysvoemning\/","name":"Babyzwemmen in het zwembad - Lees hier over het programma en de prijzen","isPartOf":{"@id":"https:\/\/tonderhallerne.dk\/#website"},"datePublished":"2020-02-26T13:05:23+00:00","dateModified":"2026-01-09T11:15:40+00:00","description":"Laat uw baby kennismaken met babyzwemmen in ons warmwaterbad en cultiveer aanwezigheid en veiligheid bij het zwemmen. Lees hier meer.","breadcrumb":{"@id":"https:\/\/tonderhallerne.dk\/svoemmehal-og-spabad\/babysvoemning\/#breadcrumb"},"inLanguage":"nl-NL","potentialAction":[{"@type":"ReadAction","target":["https:\/\/tonderhallerne.dk\/svoemmehal-og-spabad\/babysvoemning\/"]}]},{"@type":"BreadcrumbList","@id":"https:\/\/tonderhallerne.dk\/svoemmehal-og-spabad\/babysvoemning\/#breadcrumb","itemListElement":[{"@type":"ListItem","position":1,"name":"Home","item":"https:\/\/tonderhallerne.dk\/"},{"@type":"ListItem","position":2,"name":"Sv\u00f8mmehal &#038; Spabad","item":"https:\/\/tonderhallerne.dk\/svoemmehal-og-spabad\/"},{"@type":"ListItem","position":3,"name":"Babysv\u00f8mning"}]},{"@type":"WebSite","@id":"https:\/\/tonderhallerne.dk\/#website","url":"https:\/\/tonderhallerne.dk\/","name":"T\u00f8nderhallerne","description":"Een leuke, actieve en gezonde gemeenschap in T\u00f8nder","publisher":{"@id":"https:\/\/tonderhallerne.dk\/#organization"},"potentialAction":[{"@type":"SearchAction","target":{"@type":"EntryPoint","urlTemplate":"https:\/\/tonderhallerne.dk\/?s={search_term_string}"},"query-input":{"@type":"PropertyValueSpecification","valueRequired":true,"valueName":"search_term_string"}}],"inLanguage":"nl-NL"},{"@type":"Organization","@id":"https:\/\/tonderhallerne.dk\/#organization","name":"T\u00f8nderhallerne","url":"https:\/\/tonderhallerne.dk\/","logo":{"@type":"ImageObject","inLanguage":"nl-NL","@id":"https:\/\/tonderhallerne.dk\/#\/schema\/logo\/image\/","url":"https:\/\/tonderhallerne.dk\/filer\/favicon.png","contentUrl":"https:\/\/tonderhallerne.dk\/filer\/favicon.png","width":600,"height":600,"caption":"T\u00f8nderhallerne"},"image":{"@id":"https:\/\/tonderhallerne.dk\/#\/schema\/logo\/image\/"},"sameAs":["https:\/\/www.facebook.com\/tonderhallerne\/"]}]}},"_links":{"self":[{"href":"https:\/\/tonderhallerne.dk\/nl\/wp-json\/wp\/v2\/pages\/122"}],"collection":[{"href":"https:\/\/tonderhallerne.dk\/nl\/wp-json\/wp\/v2\/pages"}],"about":[{"href":"https:\/\/tonderhallerne.dk\/nl\/wp-json\/wp\/v2\/types\/page"}],"author":[{"embeddable":true,"href":"https:\/\/tonderhallerne.dk\/nl\/wp-json\/wp\/v2\/users\/1"}],"replies":[{"embeddable":true,"href":"https:\/\/tonderhallerne.dk\/nl\/wp-json\/wp\/v2\/comments?post=122"}],"version-history":[{"count":30,"href":"https:\/\/tonderhallerne.dk\/nl\/wp-json\/wp\/v2\/pages\/122\/revisions"}],"predecessor-version":[{"id":3915,"href":"https:\/\/tonderhallerne.dk\/nl\/wp-json\/wp\/v2\/pages\/122\/revisions\/3915"}],"up":[{"embeddable":true,"href":"https:\/\/tonderhallerne.dk\/nl\/wp-json\/wp\/v2\/pages\/114"}],"wp:attachment":[{"href":"https:\/\/tonderhallerne.dk\/nl\/wp-json\/wp\/v2\/media?parent=122"}],"curies":[{"name":"wp","href":"https:\/\/api.w.org\/{rel}","templated":true}]}}