{"id":733,"date":"2021-01-08T10:57:52","date_gmt":"2021-01-08T10:57:52","guid":{"rendered":"https:\/\/tonderhallerne.dk\/?post_type=center&#038;p=733"},"modified":"2025-12-22T10:58:29","modified_gmt":"2025-12-22T09:58:29","slug":"aabningstider","status":"publish","type":"page","link":"https:\/\/tonderhallerne.dk\/en\/center\/aabningstider\/","title":{"rendered":"Opening Hours"},"content":{"rendered":"","protected":false},"excerpt":{"rendered":"","protected":false},"author":1,"featured_media":1978,"parent":181,"menu_order":0,"comment_status":"closed","ping_status":"closed","template":"skabeloner\/skabelon-rules.php","meta":{"_acf_changed":false,"footnotes":""},"class_list":["post-733","page","type-page","status-publish","has-post-thumbnail","hentry"],"acf":[],"yoast_head":"<!-- This site is optimized with the Yoast SEO plugin v25.6 - https:\/\/yoast.com\/wordpress\/plugins\/seo\/ -->\n<title>Find \u00e5bningstider for T\u00f8nderhallerne her<\/title>\n<meta name=\"description\" content=\"Vi har samlet alle vores \u00e5bningstider \u00e9t sted. Find \u00e5bningstider for T\u00f8nder Danhostel, sv\u00f8mmehallen, campingpladsen og meget mere her.\" \/>\n<meta name=\"robots\" content=\"index, follow, max-snippet:-1, max-image-preview:large, max-video-preview:-1\" \/>\n<link rel=\"canonical\" href=\"https:\/\/tonderhallerne.dk\/en\/center\/aabningstider\/\" \/>\n<meta property=\"og:locale\" content=\"en_GB\" \/>\n<meta property=\"og:type\" content=\"article\" \/>\n<meta property=\"og:title\" content=\"Find \u00e5bningstider for T\u00f8nderhallerne her\" \/>\n<meta property=\"og:description\" content=\"Vi har samlet alle vores \u00e5bningstider \u00e9t sted. Find \u00e5bningstider for T\u00f8nder Danhostel, sv\u00f8mmehallen, campingpladsen og meget mere her.\" \/>\n<meta property=\"og:url\" content=\"https:\/\/tonderhallerne.dk\/en\/center\/aabningstider\/\" \/>\n<meta property=\"og:site_name\" content=\"T\u00f8nderhallerne\" \/>\n<meta property=\"article:publisher\" content=\"https:\/\/www.facebook.com\/tonderhallerne\/\" \/>\n<meta property=\"article:modified_time\" content=\"2025-12-22T09:58:29+00:00\" \/>\n<meta property=\"og:image\" content=\"https:\/\/tonderhallerne.dk\/filer\/DSC4986-1.jpg\" \/>\n\t<meta property=\"og:image:width\" content=\"1772\" \/>\n\t<meta property=\"og:image:height\" content=\"1179\" \/>\n\t<meta property=\"og:image:type\" content=\"image\/jpeg\" \/>\n<meta name=\"twitter:card\" content=\"summary_large_image\" \/>\n<meta name=\"twitter:label1\" content=\"Estimated reading time\" \/>\n\t<meta name=\"twitter:data1\" content=\"1 minute\" \/>\n<script type=\"application\/ld+json\" class=\"yoast-schema-graph\">{\"@context\":\"https:\/\/schema.org\",\"@graph\":[{\"@type\":\"WebPage\",\"@id\":\"https:\/\/tonderhallerne.dk\/center\/aabningstider\/\",\"url\":\"https:\/\/tonderhallerne.dk\/center\/aabningstider\/\",\"name\":\"Find \u00e5bningstider for T\u00f8nderhallerne her\",\"isPartOf\":{\"@id\":\"https:\/\/tonderhallerne.dk\/#website\"},\"primaryImageOfPage\":{\"@id\":\"https:\/\/tonderhallerne.dk\/center\/aabningstider\/#primaryimage\"},\"image\":{\"@id\":\"https:\/\/tonderhallerne.dk\/center\/aabningstider\/#primaryimage\"},\"thumbnailUrl\":\"https:\/\/tonderhallerne.dk\/filer\/DSC4986-1.jpg\",\"datePublished\":\"2021-01-08T10:57:52+00:00\",\"dateModified\":\"2025-12-22T09:58:29+00:00\",\"description\":\"Vi har samlet alle vores \u00e5bningstider \u00e9t sted. Find \u00e5bningstider for T\u00f8nder Danhostel, sv\u00f8mmehallen, campingpladsen og meget mere her.\",\"breadcrumb\":{\"@id\":\"https:\/\/tonderhallerne.dk\/center\/aabningstider\/#breadcrumb\"},\"inLanguage\":\"en-GB\",\"potentialAction\":[{\"@type\":\"ReadAction\",\"target\":[\"https:\/\/tonderhallerne.dk\/center\/aabningstider\/\"]}]},{\"@type\":\"ImageObject\",\"inLanguage\":\"en-GB\",\"@id\":\"https:\/\/tonderhallerne.dk\/center\/aabningstider\/#primaryimage\",\"url\":\"https:\/\/tonderhallerne.dk\/filer\/DSC4986-1.jpg\",\"contentUrl\":\"https:\/\/tonderhallerne.dk\/filer\/DSC4986-1.jpg\",\"width\":1772,\"height\":1179,\"caption\":\"Cafeteria i T\u00f8nderhallerne\"},{\"@type\":\"BreadcrumbList\",\"@id\":\"https:\/\/tonderhallerne.dk\/center\/aabningstider\/#breadcrumb\",\"itemListElement\":[{\"@type\":\"ListItem\",\"position\":1,\"name\":\"Home\",\"item\":\"https:\/\/tonderhallerne.dk\/\"},{\"@type\":\"ListItem\",\"position\":2,\"name\":\"Center\",\"item\":\"https:\/\/tonderhallerne.dk\/center\/\"},{\"@type\":\"ListItem\",\"position\":3,\"name\":\"\u00c5bningstider\"}]},{\"@type\":\"WebSite\",\"@id\":\"https:\/\/tonderhallerne.dk\/#website\",\"url\":\"https:\/\/tonderhallerne.dk\/\",\"name\":\"T\u00f8nderhallerne\",\"description\":\"Et sjovt, aktivt og sundt f\u00e6llesskab i T\u00f8nder\",\"publisher\":{\"@id\":\"https:\/\/tonderhallerne.dk\/#organization\"},\"potentialAction\":[{\"@type\":\"SearchAction\",\"target\":{\"@type\":\"EntryPoint\",\"urlTemplate\":\"https:\/\/tonderhallerne.dk\/?s={search_term_string}\"},\"query-input\":{\"@type\":\"PropertyValueSpecification\",\"valueRequired\":true,\"valueName\":\"search_term_string\"}}],\"inLanguage\":\"en-GB\"},{\"@type\":\"Organization\",\"@id\":\"https:\/\/tonderhallerne.dk\/#organization\",\"name\":\"T\u00f8nderhallerne\",\"url\":\"https:\/\/tonderhallerne.dk\/\",\"logo\":{\"@type\":\"ImageObject\",\"inLanguage\":\"en-GB\",\"@id\":\"https:\/\/tonderhallerne.dk\/#\/schema\/logo\/image\/\",\"url\":\"https:\/\/tonderhallerne.dk\/filer\/favicon.png\",\"contentUrl\":\"https:\/\/tonderhallerne.dk\/filer\/favicon.png\",\"width\":600,\"height\":600,\"caption\":\"T\u00f8nderhallerne\"},\"image\":{\"@id\":\"https:\/\/tonderhallerne.dk\/#\/schema\/logo\/image\/\"},\"sameAs\":[\"https:\/\/www.facebook.com\/tonderhallerne\/\"]}]}<\/script>\n<!-- \/ Yoast SEO plugin. -->","yoast_head_json":{"title":"Find opening times for T\u00f8nderhallerne here","description":"We have collected all our opening times in one place. Find opening times for T\u00f8nder Danhostel, the swimming pool, the campsite and much more here.","robots":{"index":"index","follow":"follow","max-snippet":"max-snippet:-1","max-image-preview":"max-image-preview:large","max-video-preview":"max-video-preview:-1"},"canonical":"https:\/\/tonderhallerne.dk\/en\/center\/aabningstider\/","og_locale":"en_GB","og_type":"article","og_title":"Find \u00e5bningstider for T\u00f8nderhallerne her","og_description":"Vi har samlet alle vores \u00e5bningstider \u00e9t sted. Find \u00e5bningstider for T\u00f8nder Danhostel, sv\u00f8mmehallen, campingpladsen og meget mere her.","og_url":"https:\/\/tonderhallerne.dk\/en\/center\/aabningstider\/","og_site_name":"T\u00f8nderhallerne","article_publisher":"https:\/\/www.facebook.com\/tonderhallerne\/","article_modified_time":"2025-12-22T09:58:29+00:00","og_image":[{"width":1772,"height":1179,"url":"https:\/\/tonderhallerne.dk\/filer\/DSC4986-1.jpg","type":"image\/jpeg"}],"twitter_card":"summary_large_image","twitter_misc":{"Estimated reading time":"1 minute"},"schema":{"@context":"https:\/\/schema.org","@graph":[{"@type":"WebPage","@id":"https:\/\/tonderhallerne.dk\/center\/aabningstider\/","url":"https:\/\/tonderhallerne.dk\/center\/aabningstider\/","name":"Find opening times for T\u00f8nderhallerne here","isPartOf":{"@id":"https:\/\/tonderhallerne.dk\/#website"},"primaryImageOfPage":{"@id":"https:\/\/tonderhallerne.dk\/center\/aabningstider\/#primaryimage"},"image":{"@id":"https:\/\/tonderhallerne.dk\/center\/aabningstider\/#primaryimage"},"thumbnailUrl":"https:\/\/tonderhallerne.dk\/filer\/DSC4986-1.jpg","datePublished":"2021-01-08T10:57:52+00:00","dateModified":"2025-12-22T09:58:29+00:00","description":"We have collected all our opening times in one place. Find opening times for T\u00f8nder Danhostel, the swimming pool, the campsite and much more here.","breadcrumb":{"@id":"https:\/\/tonderhallerne.dk\/center\/aabningstider\/#breadcrumb"},"inLanguage":"en-GB","potentialAction":[{"@type":"ReadAction","target":["https:\/\/tonderhallerne.dk\/center\/aabningstider\/"]}]},{"@type":"ImageObject","inLanguage":"en-GB","@id":"https:\/\/tonderhallerne.dk\/center\/aabningstider\/#primaryimage","url":"https:\/\/tonderhallerne.dk\/filer\/DSC4986-1.jpg","contentUrl":"https:\/\/tonderhallerne.dk\/filer\/DSC4986-1.jpg","width":1772,"height":1179,"caption":"Cafeteria i T\u00f8nderhallerne"},{"@type":"BreadcrumbList","@id":"https:\/\/tonderhallerne.dk\/center\/aabningstider\/#breadcrumb","itemListElement":[{"@type":"ListItem","position":1,"name":"Home","item":"https:\/\/tonderhallerne.dk\/"},{"@type":"ListItem","position":2,"name":"Center","item":"https:\/\/tonderhallerne.dk\/center\/"},{"@type":"ListItem","position":3,"name":"\u00c5bningstider"}]},{"@type":"WebSite","@id":"https:\/\/tonderhallerne.dk\/#website","url":"https:\/\/tonderhallerne.dk\/","name":"T\u00f8nderhallerne","description":"A fun, active and healthy community in T\u00f8nder","publisher":{"@id":"https:\/\/tonderhallerne.dk\/#organization"},"potentialAction":[{"@type":"SearchAction","target":{"@type":"EntryPoint","urlTemplate":"https:\/\/tonderhallerne.dk\/?s={search_term_string}"},"query-input":{"@type":"PropertyValueSpecification","valueRequired":true,"valueName":"search_term_string"}}],"inLanguage":"en-GB"},{"@type":"Organization","@id":"https:\/\/tonderhallerne.dk\/#organization","name":"T\u00f8nderhallerne","url":"https:\/\/tonderhallerne.dk\/","logo":{"@type":"ImageObject","inLanguage":"en-GB","@id":"https:\/\/tonderhallerne.dk\/#\/schema\/logo\/image\/","url":"https:\/\/tonderhallerne.dk\/filer\/favicon.png","contentUrl":"https:\/\/tonderhallerne.dk\/filer\/favicon.png","width":600,"height":600,"caption":"T\u00f8nderhallerne"},"image":{"@id":"https:\/\/tonderhallerne.dk\/#\/schema\/logo\/image\/"},"sameAs":["https:\/\/www.facebook.com\/tonderhallerne\/"]}]}},"_links":{"self":[{"href":"https:\/\/tonderhallerne.dk\/en\/wp-json\/wp\/v2\/pages\/733"}],"collection":[{"href":"https:\/\/tonderhallerne.dk\/en\/wp-json\/wp\/v2\/pages"}],"about":[{"href":"https:\/\/tonderhallerne.dk\/en\/wp-json\/wp\/v2\/types\/page"}],"author":[{"embeddable":true,"href":"https:\/\/tonderhallerne.dk\/en\/wp-json\/wp\/v2\/users\/1"}],"replies":[{"embeddable":true,"href":"https:\/\/tonderhallerne.dk\/en\/wp-json\/wp\/v2\/comments?post=733"}],"version-history":[{"count":45,"href":"https:\/\/tonderhallerne.dk\/en\/wp-json\/wp\/v2\/pages\/733\/revisions"}],"predecessor-version":[{"id":3907,"href":"https:\/\/tonderhallerne.dk\/en\/wp-json\/wp\/v2\/pages\/733\/revisions\/3907"}],"up":[{"embeddable":true,"href":"https:\/\/tonderhallerne.dk\/en\/wp-json\/wp\/v2\/pages\/181"}],"wp:featuredmedia":[{"embeddable":true,"href":"https:\/\/tonderhallerne.dk\/en\/wp-json\/wp\/v2\/media\/1978"}],"wp:attachment":[{"href":"https:\/\/tonderhallerne.dk\/en\/wp-json\/wp\/v2\/media?parent=733"}],"curies":[{"name":"wp","href":"https:\/\/api.w.org\/{rel}","templated":true}]}}