{"id":126,"date":"2020-02-25T13:08:01","date_gmt":"2020-02-25T13:08:01","guid":{"rendered":"https:\/\/tonderhallerne.dk\/?post_type=svoemmehal&#038;p=126"},"modified":"2026-01-22T10:44:45","modified_gmt":"2026-01-22T09:44:45","slug":"aqua-fitness-og-varmtvandstraening","status":"publish","type":"page","link":"https:\/\/tonderhallerne.dk\/en\/svoemmehal-og-spabad\/aqua-fitness-og-varmtvandstraening\/","title":{"rendered":"Aqua Fitness &amp; Warm Water Training"},"content":{"rendered":"","protected":false},"excerpt":{"rendered":"","protected":false},"author":1,"featured_media":1031,"parent":114,"menu_order":0,"comment_status":"closed","ping_status":"closed","template":"","meta":{"_acf_changed":false,"footnotes":""},"class_list":["post-126","page","type-page","status-publish","has-post-thumbnail","hentry"],"acf":[],"yoast_head":"<!-- This site is optimized with the Yoast SEO plugin v25.6 - https:\/\/yoast.com\/wordpress\/plugins\/seo\/ -->\n<title>Aqua Fitness &amp; Varmtvandstr\u00e6ning - T\u00f8nderhallerne<\/title>\n<meta name=\"description\" content=\"Kom og tr\u00e6n kondition og styrke i vandet, n\u00e5r vi inviterer til aquafitness og bliv varmet igennem i vores varmtvandsbassin. L\u00e6s n\u00e6rmere her.\" \/>\n<meta name=\"robots\" content=\"index, follow, max-snippet:-1, max-image-preview:large, max-video-preview:-1\" \/>\n<link rel=\"canonical\" href=\"https:\/\/tonderhallerne.dk\/en\/svoemmehal-og-spabad\/aqua-fitness-og-varmtvandstraening\/\" \/>\n<meta property=\"og:locale\" content=\"en_GB\" \/>\n<meta property=\"og:type\" content=\"article\" \/>\n<meta property=\"og:title\" content=\"Aqua Fitness &amp; Varmtvandstr\u00e6ning - T\u00f8nderhallerne\" \/>\n<meta property=\"og:description\" content=\"Kom og tr\u00e6n kondition og styrke i vandet, n\u00e5r vi inviterer til aquafitness og bliv varmet igennem i vores varmtvandsbassin. L\u00e6s n\u00e6rmere her.\" \/>\n<meta property=\"og:url\" content=\"https:\/\/tonderhallerne.dk\/en\/svoemmehal-og-spabad\/aqua-fitness-og-varmtvandstraening\/\" \/>\n<meta property=\"og:site_name\" content=\"T\u00f8nderhallerne\" \/>\n<meta property=\"article:publisher\" content=\"https:\/\/www.facebook.com\/tonderhallerne\/\" \/>\n<meta property=\"article:modified_time\" content=\"2026-01-22T09:44:45+00:00\" \/>\n<meta property=\"og:image\" content=\"https:\/\/tonderhallerne.dk\/filer\/Svoemme-7-a-scaled.jpg\" \/>\n\t<meta property=\"og:image:width\" content=\"2560\" \/>\n\t<meta property=\"og:image:height\" content=\"1707\" \/>\n\t<meta property=\"og:image:type\" content=\"image\/jpeg\" \/>\n<meta name=\"twitter:card\" content=\"summary_large_image\" \/>\n<meta name=\"twitter:label1\" content=\"Estimated reading time\" \/>\n\t<meta name=\"twitter:data1\" content=\"3 minutes\" \/>\n<script type=\"application\/ld+json\" class=\"yoast-schema-graph\">{\"@context\":\"https:\/\/schema.org\",\"@graph\":[{\"@type\":\"WebPage\",\"@id\":\"https:\/\/tonderhallerne.dk\/svoemmehal-og-spabad\/aqua-fitness-og-varmtvandstraening\/\",\"url\":\"https:\/\/tonderhallerne.dk\/svoemmehal-og-spabad\/aqua-fitness-og-varmtvandstraening\/\",\"name\":\"Aqua Fitness & Varmtvandstr\u00e6ning - T\u00f8nderhallerne\",\"isPartOf\":{\"@id\":\"https:\/\/tonderhallerne.dk\/#website\"},\"primaryImageOfPage\":{\"@id\":\"https:\/\/tonderhallerne.dk\/svoemmehal-og-spabad\/aqua-fitness-og-varmtvandstraening\/#primaryimage\"},\"image\":{\"@id\":\"https:\/\/tonderhallerne.dk\/svoemmehal-og-spabad\/aqua-fitness-og-varmtvandstraening\/#primaryimage\"},\"thumbnailUrl\":\"https:\/\/tonderhallerne.dk\/filer\/Svoemme-7-a-scaled.jpg\",\"datePublished\":\"2020-02-25T13:08:01+00:00\",\"dateModified\":\"2026-01-22T09:44:45+00:00\",\"description\":\"Kom og tr\u00e6n kondition og styrke i vandet, n\u00e5r vi inviterer til aquafitness og bliv varmet igennem i vores varmtvandsbassin. L\u00e6s n\u00e6rmere her.\",\"breadcrumb\":{\"@id\":\"https:\/\/tonderhallerne.dk\/svoemmehal-og-spabad\/aqua-fitness-og-varmtvandstraening\/#breadcrumb\"},\"inLanguage\":\"en-GB\",\"potentialAction\":[{\"@type\":\"ReadAction\",\"target\":[\"https:\/\/tonderhallerne.dk\/svoemmehal-og-spabad\/aqua-fitness-og-varmtvandstraening\/\"]}]},{\"@type\":\"ImageObject\",\"inLanguage\":\"en-GB\",\"@id\":\"https:\/\/tonderhallerne.dk\/svoemmehal-og-spabad\/aqua-fitness-og-varmtvandstraening\/#primaryimage\",\"url\":\"https:\/\/tonderhallerne.dk\/filer\/Svoemme-7-a-scaled.jpg\",\"contentUrl\":\"https:\/\/tonderhallerne.dk\/filer\/Svoemme-7-a-scaled.jpg\",\"width\":2560,\"height\":1707,\"caption\":\"Kvinde, der bader i sv\u00f8mmebassin\"},{\"@type\":\"BreadcrumbList\",\"@id\":\"https:\/\/tonderhallerne.dk\/svoemmehal-og-spabad\/aqua-fitness-og-varmtvandstraening\/#breadcrumb\",\"itemListElement\":[{\"@type\":\"ListItem\",\"position\":1,\"name\":\"Home\",\"item\":\"https:\/\/tonderhallerne.dk\/\"},{\"@type\":\"ListItem\",\"position\":2,\"name\":\"Sv\u00f8mmehal &#038; Spabad\",\"item\":\"https:\/\/tonderhallerne.dk\/svoemmehal-og-spabad\/\"},{\"@type\":\"ListItem\",\"position\":3,\"name\":\"Aqua Fitness &#038; Varmtvandstr\u00e6ning\"}]},{\"@type\":\"WebSite\",\"@id\":\"https:\/\/tonderhallerne.dk\/#website\",\"url\":\"https:\/\/tonderhallerne.dk\/\",\"name\":\"T\u00f8nderhallerne\",\"description\":\"Et sjovt, aktivt og sundt f\u00e6llesskab i T\u00f8nder\",\"publisher\":{\"@id\":\"https:\/\/tonderhallerne.dk\/#organization\"},\"potentialAction\":[{\"@type\":\"SearchAction\",\"target\":{\"@type\":\"EntryPoint\",\"urlTemplate\":\"https:\/\/tonderhallerne.dk\/?s={search_term_string}\"},\"query-input\":{\"@type\":\"PropertyValueSpecification\",\"valueRequired\":true,\"valueName\":\"search_term_string\"}}],\"inLanguage\":\"en-GB\"},{\"@type\":\"Organization\",\"@id\":\"https:\/\/tonderhallerne.dk\/#organization\",\"name\":\"T\u00f8nderhallerne\",\"url\":\"https:\/\/tonderhallerne.dk\/\",\"logo\":{\"@type\":\"ImageObject\",\"inLanguage\":\"en-GB\",\"@id\":\"https:\/\/tonderhallerne.dk\/#\/schema\/logo\/image\/\",\"url\":\"https:\/\/tonderhallerne.dk\/filer\/favicon.png\",\"contentUrl\":\"https:\/\/tonderhallerne.dk\/filer\/favicon.png\",\"width\":600,\"height\":600,\"caption\":\"T\u00f8nderhallerne\"},\"image\":{\"@id\":\"https:\/\/tonderhallerne.dk\/#\/schema\/logo\/image\/\"},\"sameAs\":[\"https:\/\/www.facebook.com\/tonderhallerne\/\"]}]}<\/script>\n<!-- \/ Yoast SEO plugin. -->","yoast_head_json":{"title":"Aqua Fitness &amp; Hot water training - T\u00f8nderhallerne","description":"Come and train your fitness and strength in the water when we invite you to aquafitness and get warmed up in our warm water pool. Read more here.","robots":{"index":"index","follow":"follow","max-snippet":"max-snippet:-1","max-image-preview":"max-image-preview:large","max-video-preview":"max-video-preview:-1"},"canonical":"https:\/\/tonderhallerne.dk\/en\/svoemmehal-og-spabad\/aqua-fitness-og-varmtvandstraening\/","og_locale":"en_GB","og_type":"article","og_title":"Aqua Fitness & Varmtvandstr\u00e6ning - T\u00f8nderhallerne","og_description":"Kom og tr\u00e6n kondition og styrke i vandet, n\u00e5r vi inviterer til aquafitness og bliv varmet igennem i vores varmtvandsbassin. L\u00e6s n\u00e6rmere her.","og_url":"https:\/\/tonderhallerne.dk\/en\/svoemmehal-og-spabad\/aqua-fitness-og-varmtvandstraening\/","og_site_name":"T\u00f8nderhallerne","article_publisher":"https:\/\/www.facebook.com\/tonderhallerne\/","article_modified_time":"2026-01-22T09:44:45+00:00","og_image":[{"width":2560,"height":1707,"url":"https:\/\/tonderhallerne.dk\/filer\/Svoemme-7-a-scaled.jpg","type":"image\/jpeg"}],"twitter_card":"summary_large_image","twitter_misc":{"Estimated reading time":"3 minutes"},"schema":{"@context":"https:\/\/schema.org","@graph":[{"@type":"WebPage","@id":"https:\/\/tonderhallerne.dk\/svoemmehal-og-spabad\/aqua-fitness-og-varmtvandstraening\/","url":"https:\/\/tonderhallerne.dk\/svoemmehal-og-spabad\/aqua-fitness-og-varmtvandstraening\/","name":"Aqua Fitness &amp; Hot water training - T\u00f8nderhallerne","isPartOf":{"@id":"https:\/\/tonderhallerne.dk\/#website"},"primaryImageOfPage":{"@id":"https:\/\/tonderhallerne.dk\/svoemmehal-og-spabad\/aqua-fitness-og-varmtvandstraening\/#primaryimage"},"image":{"@id":"https:\/\/tonderhallerne.dk\/svoemmehal-og-spabad\/aqua-fitness-og-varmtvandstraening\/#primaryimage"},"thumbnailUrl":"https:\/\/tonderhallerne.dk\/filer\/Svoemme-7-a-scaled.jpg","datePublished":"2020-02-25T13:08:01+00:00","dateModified":"2026-01-22T09:44:45+00:00","description":"Come and train your fitness and strength in the water when we invite you to aquafitness and get warmed up in our warm water pool. Read more here.","breadcrumb":{"@id":"https:\/\/tonderhallerne.dk\/svoemmehal-og-spabad\/aqua-fitness-og-varmtvandstraening\/#breadcrumb"},"inLanguage":"en-GB","potentialAction":[{"@type":"ReadAction","target":["https:\/\/tonderhallerne.dk\/svoemmehal-og-spabad\/aqua-fitness-og-varmtvandstraening\/"]}]},{"@type":"ImageObject","inLanguage":"en-GB","@id":"https:\/\/tonderhallerne.dk\/svoemmehal-og-spabad\/aqua-fitness-og-varmtvandstraening\/#primaryimage","url":"https:\/\/tonderhallerne.dk\/filer\/Svoemme-7-a-scaled.jpg","contentUrl":"https:\/\/tonderhallerne.dk\/filer\/Svoemme-7-a-scaled.jpg","width":2560,"height":1707,"caption":"Kvinde, der bader i sv\u00f8mmebassin"},{"@type":"BreadcrumbList","@id":"https:\/\/tonderhallerne.dk\/svoemmehal-og-spabad\/aqua-fitness-og-varmtvandstraening\/#breadcrumb","itemListElement":[{"@type":"ListItem","position":1,"name":"Home","item":"https:\/\/tonderhallerne.dk\/"},{"@type":"ListItem","position":2,"name":"Sv\u00f8mmehal &#038; Spabad","item":"https:\/\/tonderhallerne.dk\/svoemmehal-og-spabad\/"},{"@type":"ListItem","position":3,"name":"Aqua Fitness &#038; Varmtvandstr\u00e6ning"}]},{"@type":"WebSite","@id":"https:\/\/tonderhallerne.dk\/#website","url":"https:\/\/tonderhallerne.dk\/","name":"T\u00f8nderhallerne","description":"A fun, active and healthy community in T\u00f8nder","publisher":{"@id":"https:\/\/tonderhallerne.dk\/#organization"},"potentialAction":[{"@type":"SearchAction","target":{"@type":"EntryPoint","urlTemplate":"https:\/\/tonderhallerne.dk\/?s={search_term_string}"},"query-input":{"@type":"PropertyValueSpecification","valueRequired":true,"valueName":"search_term_string"}}],"inLanguage":"en-GB"},{"@type":"Organization","@id":"https:\/\/tonderhallerne.dk\/#organization","name":"T\u00f8nderhallerne","url":"https:\/\/tonderhallerne.dk\/","logo":{"@type":"ImageObject","inLanguage":"en-GB","@id":"https:\/\/tonderhallerne.dk\/#\/schema\/logo\/image\/","url":"https:\/\/tonderhallerne.dk\/filer\/favicon.png","contentUrl":"https:\/\/tonderhallerne.dk\/filer\/favicon.png","width":600,"height":600,"caption":"T\u00f8nderhallerne"},"image":{"@id":"https:\/\/tonderhallerne.dk\/#\/schema\/logo\/image\/"},"sameAs":["https:\/\/www.facebook.com\/tonderhallerne\/"]}]}},"_links":{"self":[{"href":"https:\/\/tonderhallerne.dk\/en\/wp-json\/wp\/v2\/pages\/126"}],"collection":[{"href":"https:\/\/tonderhallerne.dk\/en\/wp-json\/wp\/v2\/pages"}],"about":[{"href":"https:\/\/tonderhallerne.dk\/en\/wp-json\/wp\/v2\/types\/page"}],"author":[{"embeddable":true,"href":"https:\/\/tonderhallerne.dk\/en\/wp-json\/wp\/v2\/users\/1"}],"replies":[{"embeddable":true,"href":"https:\/\/tonderhallerne.dk\/en\/wp-json\/wp\/v2\/comments?post=126"}],"version-history":[{"count":41,"href":"https:\/\/tonderhallerne.dk\/en\/wp-json\/wp\/v2\/pages\/126\/revisions"}],"predecessor-version":[{"id":3924,"href":"https:\/\/tonderhallerne.dk\/en\/wp-json\/wp\/v2\/pages\/126\/revisions\/3924"}],"up":[{"embeddable":true,"href":"https:\/\/tonderhallerne.dk\/en\/wp-json\/wp\/v2\/pages\/114"}],"wp:featuredmedia":[{"embeddable":true,"href":"https:\/\/tonderhallerne.dk\/en\/wp-json\/wp\/v2\/media\/1031"}],"wp:attachment":[{"href":"https:\/\/tonderhallerne.dk\/en\/wp-json\/wp\/v2\/media?parent=126"}],"curies":[{"name":"wp","href":"https:\/\/api.w.org\/{rel}","templated":true}]}}