{"id":109,"date":"2020-02-26T12:40:33","date_gmt":"2020-02-26T12:40:33","guid":{"rendered":"https:\/\/tonderhallerne.dk\/?post_type=autocamper&#038;p=109"},"modified":"2026-03-08T11:00:27","modified_gmt":"2026-03-08T10:00:27","slug":"autocamperplads","status":"publish","type":"page","link":"https:\/\/tonderhallerne.dk\/en\/toender-camping\/autocamperplads\/","title":{"rendered":"Motorhome Pitch"},"content":{"rendered":"","protected":false},"excerpt":{"rendered":"","protected":false},"author":1,"featured_media":1396,"parent":101,"menu_order":0,"comment_status":"closed","ping_status":"closed","template":"","meta":{"_acf_changed":false,"footnotes":""},"class_list":["post-109","page","type-page","status-publish","has-post-thumbnail","hentry"],"acf":[],"yoast_head":"<!-- This site is optimized with the Yoast SEO plugin v25.6 - https:\/\/yoast.com\/wordpress\/plugins\/seo\/ -->\n<title>Autocamperplads T\u00f8nder \u2192 L\u00e6s om pladsen her<\/title>\n<meta name=\"description\" content=\"Vores moderne autocamperplads best\u00e5r af 40 pladser og er klar til at tage imod dig og din autocamper. L\u00e6s om faciliteterne og planl\u00e6g dit bes\u00f8g her.\" \/>\n<meta name=\"robots\" content=\"index, follow, max-snippet:-1, max-image-preview:large, max-video-preview:-1\" \/>\n<link rel=\"canonical\" href=\"https:\/\/tonderhallerne.dk\/en\/toender-camping\/autocamperplads\/\" \/>\n<meta property=\"og:locale\" content=\"en_GB\" \/>\n<meta property=\"og:type\" content=\"article\" \/>\n<meta property=\"og:title\" content=\"Autocamperplads T\u00f8nder \u2192 L\u00e6s om pladsen her\" \/>\n<meta property=\"og:description\" content=\"Vores moderne autocamperplads best\u00e5r af 40 pladser og er klar til at tage imod dig og din autocamper. L\u00e6s om faciliteterne og planl\u00e6g dit bes\u00f8g her.\" \/>\n<meta property=\"og:url\" content=\"https:\/\/tonderhallerne.dk\/en\/toender-camping\/autocamperplads\/\" \/>\n<meta property=\"og:site_name\" content=\"T\u00f8nderhallerne\" \/>\n<meta property=\"article:publisher\" content=\"https:\/\/www.facebook.com\/tonderhallerne\/\" \/>\n<meta property=\"article:modified_time\" content=\"2026-03-08T10:00:27+00:00\" \/>\n<meta property=\"og:image\" content=\"https:\/\/tonderhallerne.dk\/filer\/TSFC_autocamper-scaled-e1611662529127.jpg\" \/>\n\t<meta property=\"og:image:width\" content=\"2560\" \/>\n\t<meta property=\"og:image:height\" content=\"1157\" \/>\n\t<meta property=\"og:image:type\" content=\"image\/jpeg\" \/>\n<meta name=\"twitter:card\" content=\"summary_large_image\" \/>\n<meta name=\"twitter:label1\" content=\"Estimated reading time\" \/>\n\t<meta name=\"twitter:data1\" content=\"4 minutes\" \/>\n<script type=\"application\/ld+json\" class=\"yoast-schema-graph\">{\"@context\":\"https:\/\/schema.org\",\"@graph\":[{\"@type\":\"WebPage\",\"@id\":\"https:\/\/tonderhallerne.dk\/toender-camping\/autocamperplads\/\",\"url\":\"https:\/\/tonderhallerne.dk\/toender-camping\/autocamperplads\/\",\"name\":\"Autocamperplads T\u00f8nder \u2192 L\u00e6s om pladsen her\",\"isPartOf\":{\"@id\":\"https:\/\/tonderhallerne.dk\/#website\"},\"primaryImageOfPage\":{\"@id\":\"https:\/\/tonderhallerne.dk\/toender-camping\/autocamperplads\/#primaryimage\"},\"image\":{\"@id\":\"https:\/\/tonderhallerne.dk\/toender-camping\/autocamperplads\/#primaryimage\"},\"thumbnailUrl\":\"https:\/\/tonderhallerne.dk\/filer\/TSFC_autocamper-scaled-e1611662529127.jpg\",\"datePublished\":\"2020-02-26T12:40:33+00:00\",\"dateModified\":\"2026-03-08T10:00:27+00:00\",\"description\":\"Vores moderne autocamperplads best\u00e5r af 40 pladser og er klar til at tage imod dig og din autocamper. L\u00e6s om faciliteterne og planl\u00e6g dit bes\u00f8g her.\",\"breadcrumb\":{\"@id\":\"https:\/\/tonderhallerne.dk\/toender-camping\/autocamperplads\/#breadcrumb\"},\"inLanguage\":\"en-GB\",\"potentialAction\":[{\"@type\":\"ReadAction\",\"target\":[\"https:\/\/tonderhallerne.dk\/toender-camping\/autocamperplads\/\"]}]},{\"@type\":\"ImageObject\",\"inLanguage\":\"en-GB\",\"@id\":\"https:\/\/tonderhallerne.dk\/toender-camping\/autocamperplads\/#primaryimage\",\"url\":\"https:\/\/tonderhallerne.dk\/filer\/TSFC_autocamper-scaled-e1611662529127.jpg\",\"contentUrl\":\"https:\/\/tonderhallerne.dk\/filer\/TSFC_autocamper-scaled-e1611662529127.jpg\",\"width\":2560,\"height\":1157,\"caption\":\"Autocamper\"},{\"@type\":\"BreadcrumbList\",\"@id\":\"https:\/\/tonderhallerne.dk\/toender-camping\/autocamperplads\/#breadcrumb\",\"itemListElement\":[{\"@type\":\"ListItem\",\"position\":1,\"name\":\"Home\",\"item\":\"https:\/\/tonderhallerne.dk\/\"},{\"@type\":\"ListItem\",\"position\":2,\"name\":\"T\u00f8nder Camping\",\"item\":\"https:\/\/tonderhallerne.dk\/toender-camping\/\"},{\"@type\":\"ListItem\",\"position\":3,\"name\":\"Autocamperplads\"}]},{\"@type\":\"WebSite\",\"@id\":\"https:\/\/tonderhallerne.dk\/#website\",\"url\":\"https:\/\/tonderhallerne.dk\/\",\"name\":\"T\u00f8nderhallerne\",\"description\":\"Et sjovt, aktivt og sundt f\u00e6llesskab i T\u00f8nder\",\"publisher\":{\"@id\":\"https:\/\/tonderhallerne.dk\/#organization\"},\"potentialAction\":[{\"@type\":\"SearchAction\",\"target\":{\"@type\":\"EntryPoint\",\"urlTemplate\":\"https:\/\/tonderhallerne.dk\/?s={search_term_string}\"},\"query-input\":{\"@type\":\"PropertyValueSpecification\",\"valueRequired\":true,\"valueName\":\"search_term_string\"}}],\"inLanguage\":\"en-GB\"},{\"@type\":\"Organization\",\"@id\":\"https:\/\/tonderhallerne.dk\/#organization\",\"name\":\"T\u00f8nderhallerne\",\"url\":\"https:\/\/tonderhallerne.dk\/\",\"logo\":{\"@type\":\"ImageObject\",\"inLanguage\":\"en-GB\",\"@id\":\"https:\/\/tonderhallerne.dk\/#\/schema\/logo\/image\/\",\"url\":\"https:\/\/tonderhallerne.dk\/filer\/favicon.png\",\"contentUrl\":\"https:\/\/tonderhallerne.dk\/filer\/favicon.png\",\"width\":600,\"height\":600,\"caption\":\"T\u00f8nderhallerne\"},\"image\":{\"@id\":\"https:\/\/tonderhallerne.dk\/#\/schema\/logo\/image\/\"},\"sameAs\":[\"https:\/\/www.facebook.com\/tonderhallerne\/\"]}]}<\/script>\n<!-- \/ Yoast SEO plugin. -->","yoast_head_json":{"title":"Motorhome pitch T\u00f8nder \u2192 Read about the pitch here","description":"Our modern motorhome site consists of 40 spaces and is ready to receive you and your motorhome. Read about the facilities and plan your visit here.","robots":{"index":"index","follow":"follow","max-snippet":"max-snippet:-1","max-image-preview":"max-image-preview:large","max-video-preview":"max-video-preview:-1"},"canonical":"https:\/\/tonderhallerne.dk\/en\/toender-camping\/autocamperplads\/","og_locale":"en_GB","og_type":"article","og_title":"Autocamperplads T\u00f8nder \u2192 L\u00e6s om pladsen her","og_description":"Vores moderne autocamperplads best\u00e5r af 40 pladser og er klar til at tage imod dig og din autocamper. L\u00e6s om faciliteterne og planl\u00e6g dit bes\u00f8g her.","og_url":"https:\/\/tonderhallerne.dk\/en\/toender-camping\/autocamperplads\/","og_site_name":"T\u00f8nderhallerne","article_publisher":"https:\/\/www.facebook.com\/tonderhallerne\/","article_modified_time":"2026-03-08T10:00:27+00:00","og_image":[{"width":2560,"height":1157,"url":"https:\/\/tonderhallerne.dk\/filer\/TSFC_autocamper-scaled-e1611662529127.jpg","type":"image\/jpeg"}],"twitter_card":"summary_large_image","twitter_misc":{"Estimated reading time":"4 minutes"},"schema":{"@context":"https:\/\/schema.org","@graph":[{"@type":"WebPage","@id":"https:\/\/tonderhallerne.dk\/toender-camping\/autocamperplads\/","url":"https:\/\/tonderhallerne.dk\/toender-camping\/autocamperplads\/","name":"Motorhome pitch T\u00f8nder \u2192 Read about the pitch here","isPartOf":{"@id":"https:\/\/tonderhallerne.dk\/#website"},"primaryImageOfPage":{"@id":"https:\/\/tonderhallerne.dk\/toender-camping\/autocamperplads\/#primaryimage"},"image":{"@id":"https:\/\/tonderhallerne.dk\/toender-camping\/autocamperplads\/#primaryimage"},"thumbnailUrl":"https:\/\/tonderhallerne.dk\/filer\/TSFC_autocamper-scaled-e1611662529127.jpg","datePublished":"2020-02-26T12:40:33+00:00","dateModified":"2026-03-08T10:00:27+00:00","description":"Our modern motorhome site consists of 40 spaces and is ready to receive you and your motorhome. Read about the facilities and plan your visit here.","breadcrumb":{"@id":"https:\/\/tonderhallerne.dk\/toender-camping\/autocamperplads\/#breadcrumb"},"inLanguage":"en-GB","potentialAction":[{"@type":"ReadAction","target":["https:\/\/tonderhallerne.dk\/toender-camping\/autocamperplads\/"]}]},{"@type":"ImageObject","inLanguage":"en-GB","@id":"https:\/\/tonderhallerne.dk\/toender-camping\/autocamperplads\/#primaryimage","url":"https:\/\/tonderhallerne.dk\/filer\/TSFC_autocamper-scaled-e1611662529127.jpg","contentUrl":"https:\/\/tonderhallerne.dk\/filer\/TSFC_autocamper-scaled-e1611662529127.jpg","width":2560,"height":1157,"caption":"Autocamper"},{"@type":"BreadcrumbList","@id":"https:\/\/tonderhallerne.dk\/toender-camping\/autocamperplads\/#breadcrumb","itemListElement":[{"@type":"ListItem","position":1,"name":"Home","item":"https:\/\/tonderhallerne.dk\/"},{"@type":"ListItem","position":2,"name":"T\u00f8nder Camping","item":"https:\/\/tonderhallerne.dk\/toender-camping\/"},{"@type":"ListItem","position":3,"name":"Autocamperplads"}]},{"@type":"WebSite","@id":"https:\/\/tonderhallerne.dk\/#website","url":"https:\/\/tonderhallerne.dk\/","name":"T\u00f8nderhallerne","description":"A fun, active and healthy community in T\u00f8nder","publisher":{"@id":"https:\/\/tonderhallerne.dk\/#organization"},"potentialAction":[{"@type":"SearchAction","target":{"@type":"EntryPoint","urlTemplate":"https:\/\/tonderhallerne.dk\/?s={search_term_string}"},"query-input":{"@type":"PropertyValueSpecification","valueRequired":true,"valueName":"search_term_string"}}],"inLanguage":"en-GB"},{"@type":"Organization","@id":"https:\/\/tonderhallerne.dk\/#organization","name":"T\u00f8nderhallerne","url":"https:\/\/tonderhallerne.dk\/","logo":{"@type":"ImageObject","inLanguage":"en-GB","@id":"https:\/\/tonderhallerne.dk\/#\/schema\/logo\/image\/","url":"https:\/\/tonderhallerne.dk\/filer\/favicon.png","contentUrl":"https:\/\/tonderhallerne.dk\/filer\/favicon.png","width":600,"height":600,"caption":"T\u00f8nderhallerne"},"image":{"@id":"https:\/\/tonderhallerne.dk\/#\/schema\/logo\/image\/"},"sameAs":["https:\/\/www.facebook.com\/tonderhallerne\/"]}]}},"_links":{"self":[{"href":"https:\/\/tonderhallerne.dk\/en\/wp-json\/wp\/v2\/pages\/109"}],"collection":[{"href":"https:\/\/tonderhallerne.dk\/en\/wp-json\/wp\/v2\/pages"}],"about":[{"href":"https:\/\/tonderhallerne.dk\/en\/wp-json\/wp\/v2\/types\/page"}],"author":[{"embeddable":true,"href":"https:\/\/tonderhallerne.dk\/en\/wp-json\/wp\/v2\/users\/1"}],"replies":[{"embeddable":true,"href":"https:\/\/tonderhallerne.dk\/en\/wp-json\/wp\/v2\/comments?post=109"}],"version-history":[{"count":18,"href":"https:\/\/tonderhallerne.dk\/en\/wp-json\/wp\/v2\/pages\/109\/revisions"}],"predecessor-version":[{"id":3928,"href":"https:\/\/tonderhallerne.dk\/en\/wp-json\/wp\/v2\/pages\/109\/revisions\/3928"}],"up":[{"embeddable":true,"href":"https:\/\/tonderhallerne.dk\/en\/wp-json\/wp\/v2\/pages\/101"}],"wp:featuredmedia":[{"embeddable":true,"href":"https:\/\/tonderhallerne.dk\/en\/wp-json\/wp\/v2\/media\/1396"}],"wp:attachment":[{"href":"https:\/\/tonderhallerne.dk\/en\/wp-json\/wp\/v2\/media?parent=109"}],"curies":[{"name":"wp","href":"https:\/\/api.w.org\/{rel}","templated":true}]}}