{"id":852,"date":"2021-01-11T11:45:08","date_gmt":"2021-01-11T11:45:08","guid":{"rendered":"https:\/\/tonderhallerne.dk\/?page_id=852"},"modified":"2025-06-10T14:43:33","modified_gmt":"2025-06-10T12:43:33","slug":"ophold-toender-festival","status":"publish","type":"page","link":"https:\/\/tonderhallerne.dk\/de\/overnatning-toender\/ophold-toender-festival\/","title":{"rendered":"\u00dcbernachten Sie w\u00e4hrend des T\u00f8nder Festival"},"content":{"rendered":"","protected":false},"excerpt":{"rendered":"","protected":false},"author":1,"featured_media":1389,"parent":50,"menu_order":0,"comment_status":"closed","ping_status":"closed","template":"","meta":{"_acf_changed":false,"footnotes":""},"class_list":["post-852","page","type-page","status-publish","has-post-thumbnail","hentry"],"acf":[],"yoast_head":"<!-- This site is optimized with the Yoast SEO plugin v25.6 - https:\/\/yoast.com\/wordpress\/plugins\/seo\/ -->\n<title>Overnatning T\u00f8nder Festival \u2192 Oplev stemningen p\u00e5 festivalen<\/title>\n<meta name=\"description\" content=\"Et bes\u00f8g under T\u00f8nder Festivalen er en helt speciel oplevelse. T\u00f8nder by summer af liv fra morgen til aften.\" \/>\n<meta name=\"robots\" content=\"index, follow, max-snippet:-1, max-image-preview:large, max-video-preview:-1\" \/>\n<link rel=\"canonical\" href=\"https:\/\/tonderhallerne.dk\/de\/overnatning-toender\/ophold-toender-festival\/\" \/>\n<meta property=\"og:locale\" content=\"de_DE\" \/>\n<meta property=\"og:type\" content=\"article\" \/>\n<meta property=\"og:title\" content=\"Overnatning T\u00f8nder Festival \u2192 Oplev stemningen p\u00e5 festivalen\" \/>\n<meta property=\"og:description\" content=\"Et bes\u00f8g under T\u00f8nder Festivalen er en helt speciel oplevelse. T\u00f8nder by summer af liv fra morgen til aften.\" \/>\n<meta property=\"og:url\" content=\"https:\/\/tonderhallerne.dk\/de\/overnatning-toender\/ophold-toender-festival\/\" \/>\n<meta property=\"og:site_name\" content=\"T\u00f8nderhallerne\" \/>\n<meta property=\"article:publisher\" content=\"https:\/\/www.facebook.com\/tonderhallerne\/\" \/>\n<meta property=\"article:modified_time\" content=\"2025-06-10T12:43:33+00:00\" \/>\n<meta property=\"og:image\" content=\"https:\/\/tonderhallerne.dk\/filer\/TSFC_festival-scaled-e1611654474482.jpg\" \/>\n\t<meta property=\"og:image:width\" content=\"2150\" \/>\n\t<meta property=\"og:image:height\" content=\"1707\" \/>\n\t<meta property=\"og:image:type\" content=\"image\/jpeg\" \/>\n<meta name=\"twitter:card\" content=\"summary_large_image\" \/>\n<meta name=\"twitter:label1\" content=\"Gesch\u00e4tzte Lesezeit\" \/>\n\t<meta name=\"twitter:data1\" content=\"5 Minuten\" \/>\n<script type=\"application\/ld+json\" class=\"yoast-schema-graph\">{\"@context\":\"https:\/\/schema.org\",\"@graph\":[{\"@type\":\"WebPage\",\"@id\":\"https:\/\/tonderhallerne.dk\/overnatning-toender\/ophold-toender-festival\/\",\"url\":\"https:\/\/tonderhallerne.dk\/overnatning-toender\/ophold-toender-festival\/\",\"name\":\"Overnatning T\u00f8nder Festival \u2192 Oplev stemningen p\u00e5 festivalen\",\"isPartOf\":{\"@id\":\"https:\/\/tonderhallerne.dk\/#website\"},\"primaryImageOfPage\":{\"@id\":\"https:\/\/tonderhallerne.dk\/overnatning-toender\/ophold-toender-festival\/#primaryimage\"},\"image\":{\"@id\":\"https:\/\/tonderhallerne.dk\/overnatning-toender\/ophold-toender-festival\/#primaryimage\"},\"thumbnailUrl\":\"https:\/\/tonderhallerne.dk\/filer\/TSFC_festival-scaled-e1611654474482.jpg\",\"datePublished\":\"2021-01-11T11:45:08+00:00\",\"dateModified\":\"2025-06-10T12:43:33+00:00\",\"description\":\"Et bes\u00f8g under T\u00f8nder Festivalen er en helt speciel oplevelse. T\u00f8nder by summer af liv fra morgen til aften.\",\"breadcrumb\":{\"@id\":\"https:\/\/tonderhallerne.dk\/overnatning-toender\/ophold-toender-festival\/#breadcrumb\"},\"inLanguage\":\"de-DE\",\"potentialAction\":[{\"@type\":\"ReadAction\",\"target\":[\"https:\/\/tonderhallerne.dk\/overnatning-toender\/ophold-toender-festival\/\"]}]},{\"@type\":\"ImageObject\",\"inLanguage\":\"de-DE\",\"@id\":\"https:\/\/tonderhallerne.dk\/overnatning-toender\/ophold-toender-festival\/#primaryimage\",\"url\":\"https:\/\/tonderhallerne.dk\/filer\/TSFC_festival-scaled-e1611654474482.jpg\",\"contentUrl\":\"https:\/\/tonderhallerne.dk\/filer\/TSFC_festival-scaled-e1611654474482.jpg\",\"width\":2150,\"height\":1707,\"caption\":\"Koncert\"},{\"@type\":\"BreadcrumbList\",\"@id\":\"https:\/\/tonderhallerne.dk\/overnatning-toender\/ophold-toender-festival\/#breadcrumb\",\"itemListElement\":[{\"@type\":\"ListItem\",\"position\":1,\"name\":\"Home\",\"item\":\"https:\/\/tonderhallerne.dk\/\"},{\"@type\":\"ListItem\",\"position\":2,\"name\":\"Overnatning\",\"item\":\"https:\/\/tonderhallerne.dk\/overnatning-toender\/\"},{\"@type\":\"ListItem\",\"position\":3,\"name\":\"Ophold T\u00f8nder Festival\"}]},{\"@type\":\"WebSite\",\"@id\":\"https:\/\/tonderhallerne.dk\/#website\",\"url\":\"https:\/\/tonderhallerne.dk\/\",\"name\":\"T\u00f8nderhallerne\",\"description\":\"Et sjovt, aktivt og sundt f\u00e6llesskab i T\u00f8nder\",\"publisher\":{\"@id\":\"https:\/\/tonderhallerne.dk\/#organization\"},\"potentialAction\":[{\"@type\":\"SearchAction\",\"target\":{\"@type\":\"EntryPoint\",\"urlTemplate\":\"https:\/\/tonderhallerne.dk\/?s={search_term_string}\"},\"query-input\":{\"@type\":\"PropertyValueSpecification\",\"valueRequired\":true,\"valueName\":\"search_term_string\"}}],\"inLanguage\":\"de-DE\"},{\"@type\":\"Organization\",\"@id\":\"https:\/\/tonderhallerne.dk\/#organization\",\"name\":\"T\u00f8nderhallerne\",\"url\":\"https:\/\/tonderhallerne.dk\/\",\"logo\":{\"@type\":\"ImageObject\",\"inLanguage\":\"de-DE\",\"@id\":\"https:\/\/tonderhallerne.dk\/#\/schema\/logo\/image\/\",\"url\":\"https:\/\/tonderhallerne.dk\/filer\/favicon.png\",\"contentUrl\":\"https:\/\/tonderhallerne.dk\/filer\/favicon.png\",\"width\":600,\"height\":600,\"caption\":\"T\u00f8nderhallerne\"},\"image\":{\"@id\":\"https:\/\/tonderhallerne.dk\/#\/schema\/logo\/image\/\"},\"sameAs\":[\"https:\/\/www.facebook.com\/tonderhallerne\/\"]}]}<\/script>\n<!-- \/ Yoast SEO plugin. -->","yoast_head_json":{"title":"Unterkunft T\u00f8nder Festival \u2192 Erleben Sie die Atmosph\u00e4re des Festivals","description":"Ein Besuch w\u00e4hrend des T\u00f8nder Festivals ist ein ganz besonderes Erlebnis. Die Stadt T\u00f8nder ist von morgens bis abends voller Leben.","robots":{"index":"index","follow":"follow","max-snippet":"max-snippet:-1","max-image-preview":"max-image-preview:large","max-video-preview":"max-video-preview:-1"},"canonical":"https:\/\/tonderhallerne.dk\/de\/overnatning-toender\/ophold-toender-festival\/","og_locale":"de_DE","og_type":"article","og_title":"Overnatning T\u00f8nder Festival \u2192 Oplev stemningen p\u00e5 festivalen","og_description":"Et bes\u00f8g under T\u00f8nder Festivalen er en helt speciel oplevelse. T\u00f8nder by summer af liv fra morgen til aften.","og_url":"https:\/\/tonderhallerne.dk\/de\/overnatning-toender\/ophold-toender-festival\/","og_site_name":"T\u00f8nderhallerne","article_publisher":"https:\/\/www.facebook.com\/tonderhallerne\/","article_modified_time":"2025-06-10T12:43:33+00:00","og_image":[{"width":2150,"height":1707,"url":"https:\/\/tonderhallerne.dk\/filer\/TSFC_festival-scaled-e1611654474482.jpg","type":"image\/jpeg"}],"twitter_card":"summary_large_image","twitter_misc":{"Gesch\u00e4tzte Lesezeit":"5 Minuten"},"schema":{"@context":"https:\/\/schema.org","@graph":[{"@type":"WebPage","@id":"https:\/\/tonderhallerne.dk\/overnatning-toender\/ophold-toender-festival\/","url":"https:\/\/tonderhallerne.dk\/overnatning-toender\/ophold-toender-festival\/","name":"Unterkunft T\u00f8nder Festival \u2192 Erleben Sie die Atmosph\u00e4re des Festivals","isPartOf":{"@id":"https:\/\/tonderhallerne.dk\/#website"},"primaryImageOfPage":{"@id":"https:\/\/tonderhallerne.dk\/overnatning-toender\/ophold-toender-festival\/#primaryimage"},"image":{"@id":"https:\/\/tonderhallerne.dk\/overnatning-toender\/ophold-toender-festival\/#primaryimage"},"thumbnailUrl":"https:\/\/tonderhallerne.dk\/filer\/TSFC_festival-scaled-e1611654474482.jpg","datePublished":"2021-01-11T11:45:08+00:00","dateModified":"2025-06-10T12:43:33+00:00","description":"Ein Besuch w\u00e4hrend des T\u00f8nder Festivals ist ein ganz besonderes Erlebnis. Die Stadt T\u00f8nder ist von morgens bis abends voller Leben.","breadcrumb":{"@id":"https:\/\/tonderhallerne.dk\/overnatning-toender\/ophold-toender-festival\/#breadcrumb"},"inLanguage":"de-DE","potentialAction":[{"@type":"ReadAction","target":["https:\/\/tonderhallerne.dk\/overnatning-toender\/ophold-toender-festival\/"]}]},{"@type":"ImageObject","inLanguage":"de-DE","@id":"https:\/\/tonderhallerne.dk\/overnatning-toender\/ophold-toender-festival\/#primaryimage","url":"https:\/\/tonderhallerne.dk\/filer\/TSFC_festival-scaled-e1611654474482.jpg","contentUrl":"https:\/\/tonderhallerne.dk\/filer\/TSFC_festival-scaled-e1611654474482.jpg","width":2150,"height":1707,"caption":"Koncert"},{"@type":"BreadcrumbList","@id":"https:\/\/tonderhallerne.dk\/overnatning-toender\/ophold-toender-festival\/#breadcrumb","itemListElement":[{"@type":"ListItem","position":1,"name":"Home","item":"https:\/\/tonderhallerne.dk\/"},{"@type":"ListItem","position":2,"name":"Overnatning","item":"https:\/\/tonderhallerne.dk\/overnatning-toender\/"},{"@type":"ListItem","position":3,"name":"Ophold T\u00f8nder Festival"}]},{"@type":"WebSite","@id":"https:\/\/tonderhallerne.dk\/#website","url":"https:\/\/tonderhallerne.dk\/","name":"Tonderhallerne","description":"Eine lustige, aktive und gesunde Gemeinde in T\u00f8nder","publisher":{"@id":"https:\/\/tonderhallerne.dk\/#organization"},"potentialAction":[{"@type":"SearchAction","target":{"@type":"EntryPoint","urlTemplate":"https:\/\/tonderhallerne.dk\/?s={search_term_string}"},"query-input":{"@type":"PropertyValueSpecification","valueRequired":true,"valueName":"search_term_string"}}],"inLanguage":"de-DE"},{"@type":"Organization","@id":"https:\/\/tonderhallerne.dk\/#organization","name":"Tonderhallerne","url":"https:\/\/tonderhallerne.dk\/","logo":{"@type":"ImageObject","inLanguage":"de-DE","@id":"https:\/\/tonderhallerne.dk\/#\/schema\/logo\/image\/","url":"https:\/\/tonderhallerne.dk\/filer\/favicon.png","contentUrl":"https:\/\/tonderhallerne.dk\/filer\/favicon.png","width":600,"height":600,"caption":"T\u00f8nderhallerne"},"image":{"@id":"https:\/\/tonderhallerne.dk\/#\/schema\/logo\/image\/"},"sameAs":["https:\/\/www.facebook.com\/tonderhallerne\/"]}]}},"_links":{"self":[{"href":"https:\/\/tonderhallerne.dk\/de\/wp-json\/wp\/v2\/pages\/852"}],"collection":[{"href":"https:\/\/tonderhallerne.dk\/de\/wp-json\/wp\/v2\/pages"}],"about":[{"href":"https:\/\/tonderhallerne.dk\/de\/wp-json\/wp\/v2\/types\/page"}],"author":[{"embeddable":true,"href":"https:\/\/tonderhallerne.dk\/de\/wp-json\/wp\/v2\/users\/1"}],"replies":[{"embeddable":true,"href":"https:\/\/tonderhallerne.dk\/de\/wp-json\/wp\/v2\/comments?post=852"}],"version-history":[{"count":3,"href":"https:\/\/tonderhallerne.dk\/de\/wp-json\/wp\/v2\/pages\/852\/revisions"}],"predecessor-version":[{"id":3635,"href":"https:\/\/tonderhallerne.dk\/de\/wp-json\/wp\/v2\/pages\/852\/revisions\/3635"}],"up":[{"embeddable":true,"href":"https:\/\/tonderhallerne.dk\/de\/wp-json\/wp\/v2\/pages\/50"}],"wp:featuredmedia":[{"embeddable":true,"href":"https:\/\/tonderhallerne.dk\/de\/wp-json\/wp\/v2\/media\/1389"}],"wp:attachment":[{"href":"https:\/\/tonderhallerne.dk\/de\/wp-json\/wp\/v2\/media?parent=852"}],"curies":[{"name":"wp","href":"https:\/\/api.w.org\/{rel}","templated":true}]}}