{"id":173,"date":"2020-02-26T14:13:03","date_gmt":"2020-02-26T14:13:03","guid":{"rendered":"https:\/\/tonderhallerne.dk\/?post_type=cafe&#038;p=173"},"modified":"2025-03-31T14:42:27","modified_gmt":"2025-03-31T12:42:27","slug":"fester","status":"publish","type":"page","link":"https:\/\/tonderhallerne.dk\/de\/selskaber-og-fester\/fester\/","title":{"rendered":"Feiern"},"content":{"rendered":"","protected":false},"excerpt":{"rendered":"","protected":false},"author":1,"featured_media":1081,"parent":170,"menu_order":0,"comment_status":"closed","ping_status":"closed","template":"","meta":{"_acf_changed":false,"footnotes":""},"class_list":["post-173","page","type-page","status-publish","has-post-thumbnail","hentry"],"acf":[],"yoast_head":"<!-- This site is optimized with the Yoast SEO plugin v25.6 - https:\/\/yoast.com\/wordpress\/plugins\/seo\/ -->\n<title>L\u00e6s om, hvad vi kan tilbyde af festlige arrangementer<\/title>\n<meta name=\"description\" content=\"Vi tilbyder hele pakken ifm. afholdelsen af din kommende fest. Festlokaler, mad, overnatning og ops\u00e6tning. L\u00e6s n\u00e6rmere om dine muligheder her.\" \/>\n<meta name=\"robots\" content=\"index, follow, max-snippet:-1, max-image-preview:large, max-video-preview:-1\" \/>\n<link rel=\"canonical\" href=\"https:\/\/tonderhallerne.dk\/de\/selskaber-og-fester\/fester\/\" \/>\n<meta property=\"og:locale\" content=\"de_DE\" \/>\n<meta property=\"og:type\" content=\"article\" \/>\n<meta property=\"og:title\" content=\"L\u00e6s om, hvad vi kan tilbyde af festlige arrangementer\" \/>\n<meta property=\"og:description\" content=\"Vi tilbyder hele pakken ifm. afholdelsen af din kommende fest. Festlokaler, mad, overnatning og ops\u00e6tning. L\u00e6s n\u00e6rmere om dine muligheder her.\" \/>\n<meta property=\"og:url\" content=\"https:\/\/tonderhallerne.dk\/de\/selskaber-og-fester\/fester\/\" \/>\n<meta property=\"og:site_name\" content=\"T\u00f8nderhallerne\" \/>\n<meta property=\"article:publisher\" content=\"https:\/\/www.facebook.com\/tonderhallerne\/\" \/>\n<meta property=\"article:modified_time\" content=\"2025-03-31T12:42:27+00:00\" \/>\n<meta property=\"og:image\" content=\"https:\/\/tonderhallerne.dk\/filer\/TSFC_bryllup-scaled-e1610723031605.jpg\" \/>\n\t<meta property=\"og:image:width\" content=\"2560\" \/>\n\t<meta property=\"og:image:height\" content=\"1593\" \/>\n\t<meta property=\"og:image:type\" content=\"image\/jpeg\" \/>\n<meta name=\"twitter:card\" content=\"summary_large_image\" \/>\n<meta name=\"twitter:label1\" content=\"Gesch\u00e4tzte Lesezeit\" \/>\n\t<meta name=\"twitter:data1\" content=\"3 Minuten\" \/>\n<script type=\"application\/ld+json\" class=\"yoast-schema-graph\">{\"@context\":\"https:\/\/schema.org\",\"@graph\":[{\"@type\":\"WebPage\",\"@id\":\"https:\/\/tonderhallerne.dk\/selskaber-og-fester\/fester\/\",\"url\":\"https:\/\/tonderhallerne.dk\/selskaber-og-fester\/fester\/\",\"name\":\"L\u00e6s om, hvad vi kan tilbyde af festlige arrangementer\",\"isPartOf\":{\"@id\":\"https:\/\/tonderhallerne.dk\/#website\"},\"primaryImageOfPage\":{\"@id\":\"https:\/\/tonderhallerne.dk\/selskaber-og-fester\/fester\/#primaryimage\"},\"image\":{\"@id\":\"https:\/\/tonderhallerne.dk\/selskaber-og-fester\/fester\/#primaryimage\"},\"thumbnailUrl\":\"https:\/\/tonderhallerne.dk\/filer\/TSFC_bryllup-scaled-e1610723031605.jpg\",\"datePublished\":\"2020-02-26T14:13:03+00:00\",\"dateModified\":\"2025-03-31T12:42:27+00:00\",\"description\":\"Vi tilbyder hele pakken ifm. afholdelsen af din kommende fest. Festlokaler, mad, overnatning og ops\u00e6tning. L\u00e6s n\u00e6rmere om dine muligheder her.\",\"breadcrumb\":{\"@id\":\"https:\/\/tonderhallerne.dk\/selskaber-og-fester\/fester\/#breadcrumb\"},\"inLanguage\":\"de-DE\",\"potentialAction\":[{\"@type\":\"ReadAction\",\"target\":[\"https:\/\/tonderhallerne.dk\/selskaber-og-fester\/fester\/\"]}]},{\"@type\":\"ImageObject\",\"inLanguage\":\"de-DE\",\"@id\":\"https:\/\/tonderhallerne.dk\/selskaber-og-fester\/fester\/#primaryimage\",\"url\":\"https:\/\/tonderhallerne.dk\/filer\/TSFC_bryllup-scaled-e1610723031605.jpg\",\"contentUrl\":\"https:\/\/tonderhallerne.dk\/filer\/TSFC_bryllup-scaled-e1610723031605.jpg\",\"width\":2560,\"height\":1593,\"caption\":\"Lysk\u00e6der\"},{\"@type\":\"BreadcrumbList\",\"@id\":\"https:\/\/tonderhallerne.dk\/selskaber-og-fester\/fester\/#breadcrumb\",\"itemListElement\":[{\"@type\":\"ListItem\",\"position\":1,\"name\":\"Home\",\"item\":\"https:\/\/tonderhallerne.dk\/\"},{\"@type\":\"ListItem\",\"position\":2,\"name\":\"Selskaber &#038; Fester\",\"item\":\"https:\/\/tonderhallerne.dk\/selskaber-og-fester\/\"},{\"@type\":\"ListItem\",\"position\":3,\"name\":\"Fester\"}]},{\"@type\":\"WebSite\",\"@id\":\"https:\/\/tonderhallerne.dk\/#website\",\"url\":\"https:\/\/tonderhallerne.dk\/\",\"name\":\"T\u00f8nderhallerne\",\"description\":\"Et sjovt, aktivt og sundt f\u00e6llesskab i T\u00f8nder\",\"publisher\":{\"@id\":\"https:\/\/tonderhallerne.dk\/#organization\"},\"potentialAction\":[{\"@type\":\"SearchAction\",\"target\":{\"@type\":\"EntryPoint\",\"urlTemplate\":\"https:\/\/tonderhallerne.dk\/?s={search_term_string}\"},\"query-input\":{\"@type\":\"PropertyValueSpecification\",\"valueRequired\":true,\"valueName\":\"search_term_string\"}}],\"inLanguage\":\"de-DE\"},{\"@type\":\"Organization\",\"@id\":\"https:\/\/tonderhallerne.dk\/#organization\",\"name\":\"T\u00f8nderhallerne\",\"url\":\"https:\/\/tonderhallerne.dk\/\",\"logo\":{\"@type\":\"ImageObject\",\"inLanguage\":\"de-DE\",\"@id\":\"https:\/\/tonderhallerne.dk\/#\/schema\/logo\/image\/\",\"url\":\"https:\/\/tonderhallerne.dk\/filer\/favicon.png\",\"contentUrl\":\"https:\/\/tonderhallerne.dk\/filer\/favicon.png\",\"width\":600,\"height\":600,\"caption\":\"T\u00f8nderhallerne\"},\"image\":{\"@id\":\"https:\/\/tonderhallerne.dk\/#\/schema\/logo\/image\/\"},\"sameAs\":[\"https:\/\/www.facebook.com\/tonderhallerne\/\"]}]}<\/script>\n<!-- \/ Yoast SEO plugin. -->","yoast_head_json":{"title":"Lesen Sie, was wir von festlichen Veranstaltungen zu bieten haben","description":"Wir bieten das Gesamtpaket inkl die Organisation Ihrer bevorstehenden Party. Partyr\u00e4ume, Essen, Unterkunft und Aufbau. Lesen Sie hier mehr \u00fcber Ihre M\u00f6glichkeiten.","robots":{"index":"index","follow":"follow","max-snippet":"max-snippet:-1","max-image-preview":"max-image-preview:large","max-video-preview":"max-video-preview:-1"},"canonical":"https:\/\/tonderhallerne.dk\/de\/selskaber-og-fester\/fester\/","og_locale":"de_DE","og_type":"article","og_title":"L\u00e6s om, hvad vi kan tilbyde af festlige arrangementer","og_description":"Vi tilbyder hele pakken ifm. afholdelsen af din kommende fest. Festlokaler, mad, overnatning og ops\u00e6tning. L\u00e6s n\u00e6rmere om dine muligheder her.","og_url":"https:\/\/tonderhallerne.dk\/de\/selskaber-og-fester\/fester\/","og_site_name":"T\u00f8nderhallerne","article_publisher":"https:\/\/www.facebook.com\/tonderhallerne\/","article_modified_time":"2025-03-31T12:42:27+00:00","og_image":[{"width":2560,"height":1593,"url":"https:\/\/tonderhallerne.dk\/filer\/TSFC_bryllup-scaled-e1610723031605.jpg","type":"image\/jpeg"}],"twitter_card":"summary_large_image","twitter_misc":{"Gesch\u00e4tzte Lesezeit":"3 Minuten"},"schema":{"@context":"https:\/\/schema.org","@graph":[{"@type":"WebPage","@id":"https:\/\/tonderhallerne.dk\/selskaber-og-fester\/fester\/","url":"https:\/\/tonderhallerne.dk\/selskaber-og-fester\/fester\/","name":"Lesen Sie, was wir von festlichen Veranstaltungen zu bieten haben","isPartOf":{"@id":"https:\/\/tonderhallerne.dk\/#website"},"primaryImageOfPage":{"@id":"https:\/\/tonderhallerne.dk\/selskaber-og-fester\/fester\/#primaryimage"},"image":{"@id":"https:\/\/tonderhallerne.dk\/selskaber-og-fester\/fester\/#primaryimage"},"thumbnailUrl":"https:\/\/tonderhallerne.dk\/filer\/TSFC_bryllup-scaled-e1610723031605.jpg","datePublished":"2020-02-26T14:13:03+00:00","dateModified":"2025-03-31T12:42:27+00:00","description":"Wir bieten das Gesamtpaket inkl die Organisation Ihrer bevorstehenden Party. Partyr\u00e4ume, Essen, Unterkunft und Aufbau. Lesen Sie hier mehr \u00fcber Ihre M\u00f6glichkeiten.","breadcrumb":{"@id":"https:\/\/tonderhallerne.dk\/selskaber-og-fester\/fester\/#breadcrumb"},"inLanguage":"de-DE","potentialAction":[{"@type":"ReadAction","target":["https:\/\/tonderhallerne.dk\/selskaber-og-fester\/fester\/"]}]},{"@type":"ImageObject","inLanguage":"de-DE","@id":"https:\/\/tonderhallerne.dk\/selskaber-og-fester\/fester\/#primaryimage","url":"https:\/\/tonderhallerne.dk\/filer\/TSFC_bryllup-scaled-e1610723031605.jpg","contentUrl":"https:\/\/tonderhallerne.dk\/filer\/TSFC_bryllup-scaled-e1610723031605.jpg","width":2560,"height":1593,"caption":"Lysk\u00e6der"},{"@type":"BreadcrumbList","@id":"https:\/\/tonderhallerne.dk\/selskaber-og-fester\/fester\/#breadcrumb","itemListElement":[{"@type":"ListItem","position":1,"name":"Home","item":"https:\/\/tonderhallerne.dk\/"},{"@type":"ListItem","position":2,"name":"Selskaber &#038; Fester","item":"https:\/\/tonderhallerne.dk\/selskaber-og-fester\/"},{"@type":"ListItem","position":3,"name":"Fester"}]},{"@type":"WebSite","@id":"https:\/\/tonderhallerne.dk\/#website","url":"https:\/\/tonderhallerne.dk\/","name":"Tonderhallerne","description":"Eine lustige, aktive und gesunde Gemeinde in T\u00f8nder","publisher":{"@id":"https:\/\/tonderhallerne.dk\/#organization"},"potentialAction":[{"@type":"SearchAction","target":{"@type":"EntryPoint","urlTemplate":"https:\/\/tonderhallerne.dk\/?s={search_term_string}"},"query-input":{"@type":"PropertyValueSpecification","valueRequired":true,"valueName":"search_term_string"}}],"inLanguage":"de-DE"},{"@type":"Organization","@id":"https:\/\/tonderhallerne.dk\/#organization","name":"Tonderhallerne","url":"https:\/\/tonderhallerne.dk\/","logo":{"@type":"ImageObject","inLanguage":"de-DE","@id":"https:\/\/tonderhallerne.dk\/#\/schema\/logo\/image\/","url":"https:\/\/tonderhallerne.dk\/filer\/favicon.png","contentUrl":"https:\/\/tonderhallerne.dk\/filer\/favicon.png","width":600,"height":600,"caption":"T\u00f8nderhallerne"},"image":{"@id":"https:\/\/tonderhallerne.dk\/#\/schema\/logo\/image\/"},"sameAs":["https:\/\/www.facebook.com\/tonderhallerne\/"]}]}},"_links":{"self":[{"href":"https:\/\/tonderhallerne.dk\/de\/wp-json\/wp\/v2\/pages\/173"}],"collection":[{"href":"https:\/\/tonderhallerne.dk\/de\/wp-json\/wp\/v2\/pages"}],"about":[{"href":"https:\/\/tonderhallerne.dk\/de\/wp-json\/wp\/v2\/types\/page"}],"author":[{"embeddable":true,"href":"https:\/\/tonderhallerne.dk\/de\/wp-json\/wp\/v2\/users\/1"}],"replies":[{"embeddable":true,"href":"https:\/\/tonderhallerne.dk\/de\/wp-json\/wp\/v2\/comments?post=173"}],"version-history":[{"count":3,"href":"https:\/\/tonderhallerne.dk\/de\/wp-json\/wp\/v2\/pages\/173\/revisions"}],"predecessor-version":[{"id":3592,"href":"https:\/\/tonderhallerne.dk\/de\/wp-json\/wp\/v2\/pages\/173\/revisions\/3592"}],"up":[{"embeddable":true,"href":"https:\/\/tonderhallerne.dk\/de\/wp-json\/wp\/v2\/pages\/170"}],"wp:featuredmedia":[{"embeddable":true,"href":"https:\/\/tonderhallerne.dk\/de\/wp-json\/wp\/v2\/media\/1081"}],"wp:attachment":[{"href":"https:\/\/tonderhallerne.dk\/de\/wp-json\/wp\/v2\/media?parent=173"}],"curies":[{"name":"wp","href":"https:\/\/api.w.org\/{rel}","templated":true}]}}