{"id":160,"date":"2020-02-26T14:07:21","date_gmt":"2020-02-26T14:07:21","guid":{"rendered":"https:\/\/tonderhallerne.dk\/?post_type=traeningslejr&#038;p=160"},"modified":"2025-06-20T13:27:27","modified_gmt":"2025-06-20T11:27:27","slug":"haandbold","status":"publish","type":"page","link":"https:\/\/tonderhallerne.dk\/de\/traeningslejr-og-camps\/haandbold\/","title":{"rendered":"Handball"},"content":{"rendered":"","protected":false},"excerpt":{"rendered":"","protected":false},"author":1,"featured_media":2020,"parent":164,"menu_order":0,"comment_status":"closed","ping_status":"closed","template":"","meta":{"_acf_changed":false,"footnotes":""},"class_list":["post-160","page","type-page","status-publish","has-post-thumbnail","hentry"],"acf":[],"yoast_head":"<!-- This site is optimized with the Yoast SEO plugin v25.6 - https:\/\/yoast.com\/wordpress\/plugins\/seo\/ -->\n<title>Tr\u00e6ningslejr h\u00e5ndbold - Vi har de perfekte rammer<\/title>\n<meta name=\"description\" content=\"Lad T\u00f8nderhallerne danne rammen om et perfekt tilrettelagt tr\u00e6ningsophold, hvor I vil v\u00e6re i yderst erfarne h\u00e6nder.\" \/>\n<meta name=\"robots\" content=\"index, follow, max-snippet:-1, max-image-preview:large, max-video-preview:-1\" \/>\n<link rel=\"canonical\" href=\"https:\/\/tonderhallerne.dk\/de\/traeningslejr-og-camps\/haandbold\/\" \/>\n<meta property=\"og:locale\" content=\"de_DE\" \/>\n<meta property=\"og:type\" content=\"article\" \/>\n<meta property=\"og:title\" content=\"Tr\u00e6ningslejr h\u00e5ndbold - Vi har de perfekte rammer\" \/>\n<meta property=\"og:description\" content=\"Lad T\u00f8nderhallerne danne rammen om et perfekt tilrettelagt tr\u00e6ningsophold, hvor I vil v\u00e6re i yderst erfarne h\u00e6nder.\" \/>\n<meta property=\"og:url\" content=\"https:\/\/tonderhallerne.dk\/de\/traeningslejr-og-camps\/haandbold\/\" \/>\n<meta property=\"og:site_name\" content=\"T\u00f8nderhallerne\" \/>\n<meta property=\"article:publisher\" content=\"https:\/\/www.facebook.com\/tonderhallerne\/\" \/>\n<meta property=\"article:modified_time\" content=\"2025-06-20T11:27:27+00:00\" \/>\n<meta property=\"og:image\" content=\"https:\/\/tonderhallerne.dk\/filer\/t-5-2-scaled.jpg\" \/>\n\t<meta property=\"og:image:width\" content=\"1707\" \/>\n\t<meta property=\"og:image:height\" content=\"2560\" \/>\n\t<meta property=\"og:image:type\" content=\"image\/jpeg\" \/>\n<meta name=\"twitter:card\" content=\"summary_large_image\" \/>\n<meta name=\"twitter:label1\" content=\"Gesch\u00e4tzte Lesezeit\" \/>\n\t<meta name=\"twitter:data1\" content=\"4 Minuten\" \/>\n<script type=\"application\/ld+json\" class=\"yoast-schema-graph\">{\"@context\":\"https:\/\/schema.org\",\"@graph\":[{\"@type\":\"WebPage\",\"@id\":\"https:\/\/tonderhallerne.dk\/traeningslejr-og-camps\/haandbold\/\",\"url\":\"https:\/\/tonderhallerne.dk\/traeningslejr-og-camps\/haandbold\/\",\"name\":\"Tr\u00e6ningslejr h\u00e5ndbold - Vi har de perfekte rammer\",\"isPartOf\":{\"@id\":\"https:\/\/tonderhallerne.dk\/#website\"},\"primaryImageOfPage\":{\"@id\":\"https:\/\/tonderhallerne.dk\/traeningslejr-og-camps\/haandbold\/#primaryimage\"},\"image\":{\"@id\":\"https:\/\/tonderhallerne.dk\/traeningslejr-og-camps\/haandbold\/#primaryimage\"},\"thumbnailUrl\":\"https:\/\/tonderhallerne.dk\/filer\/t-5-2-scaled.jpg\",\"datePublished\":\"2020-02-26T14:07:21+00:00\",\"dateModified\":\"2025-06-20T11:27:27+00:00\",\"description\":\"Lad T\u00f8nderhallerne danne rammen om et perfekt tilrettelagt tr\u00e6ningsophold, hvor I vil v\u00e6re i yderst erfarne h\u00e6nder.\",\"breadcrumb\":{\"@id\":\"https:\/\/tonderhallerne.dk\/traeningslejr-og-camps\/haandbold\/#breadcrumb\"},\"inLanguage\":\"de-DE\",\"potentialAction\":[{\"@type\":\"ReadAction\",\"target\":[\"https:\/\/tonderhallerne.dk\/traeningslejr-og-camps\/haandbold\/\"]}]},{\"@type\":\"ImageObject\",\"inLanguage\":\"de-DE\",\"@id\":\"https:\/\/tonderhallerne.dk\/traeningslejr-og-camps\/haandbold\/#primaryimage\",\"url\":\"https:\/\/tonderhallerne.dk\/filer\/t-5-2-scaled.jpg\",\"contentUrl\":\"https:\/\/tonderhallerne.dk\/filer\/t-5-2-scaled.jpg\",\"width\":1707,\"height\":2560,\"caption\":\"H\u00e5ndbold i h\u00e5ndboldm\u00e5l\"},{\"@type\":\"BreadcrumbList\",\"@id\":\"https:\/\/tonderhallerne.dk\/traeningslejr-og-camps\/haandbold\/#breadcrumb\",\"itemListElement\":[{\"@type\":\"ListItem\",\"position\":1,\"name\":\"Home\",\"item\":\"https:\/\/tonderhallerne.dk\/\"},{\"@type\":\"ListItem\",\"position\":2,\"name\":\"Tr\u00e6ningslejr &#038; Camps\",\"item\":\"https:\/\/tonderhallerne.dk\/traeningslejr-og-camps\/\"},{\"@type\":\"ListItem\",\"position\":3,\"name\":\"H\u00e5ndbold\"}]},{\"@type\":\"WebSite\",\"@id\":\"https:\/\/tonderhallerne.dk\/#website\",\"url\":\"https:\/\/tonderhallerne.dk\/\",\"name\":\"T\u00f8nderhallerne\",\"description\":\"Et sjovt, aktivt og sundt f\u00e6llesskab i T\u00f8nder\",\"publisher\":{\"@id\":\"https:\/\/tonderhallerne.dk\/#organization\"},\"potentialAction\":[{\"@type\":\"SearchAction\",\"target\":{\"@type\":\"EntryPoint\",\"urlTemplate\":\"https:\/\/tonderhallerne.dk\/?s={search_term_string}\"},\"query-input\":{\"@type\":\"PropertyValueSpecification\",\"valueRequired\":true,\"valueName\":\"search_term_string\"}}],\"inLanguage\":\"de-DE\"},{\"@type\":\"Organization\",\"@id\":\"https:\/\/tonderhallerne.dk\/#organization\",\"name\":\"T\u00f8nderhallerne\",\"url\":\"https:\/\/tonderhallerne.dk\/\",\"logo\":{\"@type\":\"ImageObject\",\"inLanguage\":\"de-DE\",\"@id\":\"https:\/\/tonderhallerne.dk\/#\/schema\/logo\/image\/\",\"url\":\"https:\/\/tonderhallerne.dk\/filer\/favicon.png\",\"contentUrl\":\"https:\/\/tonderhallerne.dk\/filer\/favicon.png\",\"width\":600,\"height\":600,\"caption\":\"T\u00f8nderhallerne\"},\"image\":{\"@id\":\"https:\/\/tonderhallerne.dk\/#\/schema\/logo\/image\/\"},\"sameAs\":[\"https:\/\/www.facebook.com\/tonderhallerne\/\"]}]}<\/script>\n<!-- \/ Yoast SEO plugin. -->","yoast_head_json":{"title":"Handball-Trainingslager - Wir haben den perfekten Rahmen","description":"Lassen Sie T\u00f8nderhallerne den Rahmen f\u00fcr einen perfekt organisierten Ausbildungsaufenthalt bilden, bei dem Sie in \u00e4u\u00dferst erfahrenen H\u00e4nden sind.","robots":{"index":"index","follow":"follow","max-snippet":"max-snippet:-1","max-image-preview":"max-image-preview:large","max-video-preview":"max-video-preview:-1"},"canonical":"https:\/\/tonderhallerne.dk\/de\/traeningslejr-og-camps\/haandbold\/","og_locale":"de_DE","og_type":"article","og_title":"Tr\u00e6ningslejr h\u00e5ndbold - Vi har de perfekte rammer","og_description":"Lad T\u00f8nderhallerne danne rammen om et perfekt tilrettelagt tr\u00e6ningsophold, hvor I vil v\u00e6re i yderst erfarne h\u00e6nder.","og_url":"https:\/\/tonderhallerne.dk\/de\/traeningslejr-og-camps\/haandbold\/","og_site_name":"T\u00f8nderhallerne","article_publisher":"https:\/\/www.facebook.com\/tonderhallerne\/","article_modified_time":"2025-06-20T11:27:27+00:00","og_image":[{"width":1707,"height":2560,"url":"https:\/\/tonderhallerne.dk\/filer\/t-5-2-scaled.jpg","type":"image\/jpeg"}],"twitter_card":"summary_large_image","twitter_misc":{"Gesch\u00e4tzte Lesezeit":"4 Minuten"},"schema":{"@context":"https:\/\/schema.org","@graph":[{"@type":"WebPage","@id":"https:\/\/tonderhallerne.dk\/traeningslejr-og-camps\/haandbold\/","url":"https:\/\/tonderhallerne.dk\/traeningslejr-og-camps\/haandbold\/","name":"Handball-Trainingslager - Wir haben den perfekten Rahmen","isPartOf":{"@id":"https:\/\/tonderhallerne.dk\/#website"},"primaryImageOfPage":{"@id":"https:\/\/tonderhallerne.dk\/traeningslejr-og-camps\/haandbold\/#primaryimage"},"image":{"@id":"https:\/\/tonderhallerne.dk\/traeningslejr-og-camps\/haandbold\/#primaryimage"},"thumbnailUrl":"https:\/\/tonderhallerne.dk\/filer\/t-5-2-scaled.jpg","datePublished":"2020-02-26T14:07:21+00:00","dateModified":"2025-06-20T11:27:27+00:00","description":"Lassen Sie T\u00f8nderhallerne den Rahmen f\u00fcr einen perfekt organisierten Ausbildungsaufenthalt bilden, bei dem Sie in \u00e4u\u00dferst erfahrenen H\u00e4nden sind.","breadcrumb":{"@id":"https:\/\/tonderhallerne.dk\/traeningslejr-og-camps\/haandbold\/#breadcrumb"},"inLanguage":"de-DE","potentialAction":[{"@type":"ReadAction","target":["https:\/\/tonderhallerne.dk\/traeningslejr-og-camps\/haandbold\/"]}]},{"@type":"ImageObject","inLanguage":"de-DE","@id":"https:\/\/tonderhallerne.dk\/traeningslejr-og-camps\/haandbold\/#primaryimage","url":"https:\/\/tonderhallerne.dk\/filer\/t-5-2-scaled.jpg","contentUrl":"https:\/\/tonderhallerne.dk\/filer\/t-5-2-scaled.jpg","width":1707,"height":2560,"caption":"H\u00e5ndbold i h\u00e5ndboldm\u00e5l"},{"@type":"BreadcrumbList","@id":"https:\/\/tonderhallerne.dk\/traeningslejr-og-camps\/haandbold\/#breadcrumb","itemListElement":[{"@type":"ListItem","position":1,"name":"Home","item":"https:\/\/tonderhallerne.dk\/"},{"@type":"ListItem","position":2,"name":"Tr\u00e6ningslejr &#038; Camps","item":"https:\/\/tonderhallerne.dk\/traeningslejr-og-camps\/"},{"@type":"ListItem","position":3,"name":"H\u00e5ndbold"}]},{"@type":"WebSite","@id":"https:\/\/tonderhallerne.dk\/#website","url":"https:\/\/tonderhallerne.dk\/","name":"Tonderhallerne","description":"Eine lustige, aktive und gesunde Gemeinde in T\u00f8nder","publisher":{"@id":"https:\/\/tonderhallerne.dk\/#organization"},"potentialAction":[{"@type":"SearchAction","target":{"@type":"EntryPoint","urlTemplate":"https:\/\/tonderhallerne.dk\/?s={search_term_string}"},"query-input":{"@type":"PropertyValueSpecification","valueRequired":true,"valueName":"search_term_string"}}],"inLanguage":"de-DE"},{"@type":"Organization","@id":"https:\/\/tonderhallerne.dk\/#organization","name":"Tonderhallerne","url":"https:\/\/tonderhallerne.dk\/","logo":{"@type":"ImageObject","inLanguage":"de-DE","@id":"https:\/\/tonderhallerne.dk\/#\/schema\/logo\/image\/","url":"https:\/\/tonderhallerne.dk\/filer\/favicon.png","contentUrl":"https:\/\/tonderhallerne.dk\/filer\/favicon.png","width":600,"height":600,"caption":"T\u00f8nderhallerne"},"image":{"@id":"https:\/\/tonderhallerne.dk\/#\/schema\/logo\/image\/"},"sameAs":["https:\/\/www.facebook.com\/tonderhallerne\/"]}]}},"_links":{"self":[{"href":"https:\/\/tonderhallerne.dk\/de\/wp-json\/wp\/v2\/pages\/160"}],"collection":[{"href":"https:\/\/tonderhallerne.dk\/de\/wp-json\/wp\/v2\/pages"}],"about":[{"href":"https:\/\/tonderhallerne.dk\/de\/wp-json\/wp\/v2\/types\/page"}],"author":[{"embeddable":true,"href":"https:\/\/tonderhallerne.dk\/de\/wp-json\/wp\/v2\/users\/1"}],"replies":[{"embeddable":true,"href":"https:\/\/tonderhallerne.dk\/de\/wp-json\/wp\/v2\/comments?post=160"}],"version-history":[{"count":3,"href":"https:\/\/tonderhallerne.dk\/de\/wp-json\/wp\/v2\/pages\/160\/revisions"}],"predecessor-version":[{"id":3651,"href":"https:\/\/tonderhallerne.dk\/de\/wp-json\/wp\/v2\/pages\/160\/revisions\/3651"}],"up":[{"embeddable":true,"href":"https:\/\/tonderhallerne.dk\/de\/wp-json\/wp\/v2\/pages\/164"}],"wp:featuredmedia":[{"embeddable":true,"href":"https:\/\/tonderhallerne.dk\/de\/wp-json\/wp\/v2\/media\/2020"}],"wp:attachment":[{"href":"https:\/\/tonderhallerne.dk\/de\/wp-json\/wp\/v2\/media?parent=160"}],"curies":[{"name":"wp","href":"https:\/\/api.w.org\/{rel}","templated":true}]}}